{"id":245,"date":"2021-10-09T16:33:58","date_gmt":"2021-10-09T16:33:58","guid":{"rendered":"https:\/\/somo.winningdesign.at\/?page_id=166"},"modified":"2022-01-22T18:07:38","modified_gmt":"2022-01-22T17:07:38","slug":"grosskunden","status":"publish","type":"page","link":"https:\/\/somo-naturwaren.com\/en\/grosskunden\/","title":{"rendered":"Gro\u00dfkunden"},"content":{"rendered":"<p>[et_pb_section fb_built=&#8220;1&#8243; admin_label=&#8220;Call to Action&#8220; _builder_version=&#8220;3.22&#8243; background_color=&#8220;#f9f9f4&#8243; max_width=&#8220;1220px&#8220; module_alignment=&#8220;center&#8220; custom_margin=&#8220;|||&#8220; custom_padding=&#8220;0|20px|0|20px|false|true&#8220; animation_style=&#8220;zoom&#8220; animation_intensity_zoom=&#8220;10%&#8220; box_shadow_style=&#8220;preset7&#8243; box_shadow_horizontal=&#8220;0px&#8220; box_shadow_vertical=&#8220;0px&#8220; box_shadow_spread=&#8220;50px&#8220; box_shadow_color=&#8220;#ffffff&#8220; global_colors_info=&#8220;{}&#8220;][et_pb_row custom_padding_last_edited=&#8220;on|phone&#8220; _builder_version=&#8220;3.25&#8243; background_image=&#8220;https:\/\/somo-naturwaren.com\/wp-content\/uploads\/2021\/10\/nutritionist-08.png&#8220; background_size=&#8220;contain&#8220; background_position=&#8220;top_left&#8220; width=&#8220;100%&#8220; max_width=&#8220;100%&#8220; custom_padding=&#8220;100px|110px|100px|110px|true|true&#8220; custom_padding_tablet=&#8220;|90px||90px|false|true&#8220; custom_padding_phone=&#8220;|60px||60px||true&#8220; use_custom_width=&#8220;on&#8220; width_unit=&#8220;off&#8220; custom_width_percent=&#8220;100%&#8220; global_colors_info=&#8220;{}&#8220;][et_pb_column type=&#8220;4_4&#8243; _builder_version=&#8220;3.25&#8243; custom_padding=&#8220;|||&#8220; global_colors_info=&#8220;{}&#8220; custom_padding__hover=&#8220;|||&#8220;][et_pb_text _builder_version=&#8220;3.27.4&#8243; text_font=&#8220;||||||||&#8220; text_line_height=&#8220;2em&#8220; header_font=&#8220;||||||||&#8220; header_3_font=&#8220;Merriweather|700|||||||&#8220; header_3_font_size=&#8220;30px&#8220; header_3_line_height=&#8220;1.6em&#8220; header_4_font=&#8220;Merriweather|700|||||||&#8220; header_4_text_color=&#8220;#15c39a&#8220; header_4_line_height=&#8220;1.8em&#8220; background_color=&#8220;#f9f9f4&#8243; text_orientation=&#8220;center&#8220; max_width=&#8220;700px&#8220; module_alignment=&#8220;center&#8220; header_3_font_size_tablet=&#8220;&#8220; header_3_font_size_phone=&#8220;16px&#8220; header_3_font_size_last_edited=&#8220;on|desktop&#8220; header_4_font_size_tablet=&#8220;&#8220; header_4_font_size_phone=&#8220;14px&#8220; header_4_font_size_last_edited=&#8220;on|phone&#8220; locked=&#8220;off&#8220; global_colors_info=&#8220;{}&#8220;]<\/p>\n<h3 style=\"text-align: center;\">Gro\u00dfkunden und Wiederverkauf<\/h3>\n<p style=\"text-align: left;\">F\u00fcr Gro\u00dfkunden und Wiederverk\u00e4ufer bieten wir ALLE verf\u00fcgbaren SOMO\u00ae Ohrkerzen sowie K\u00f6rperkerzen in attraktiven Doppelpackungen und Vorratspackungen mit einem Preisvorteil f\u00fcr Sie und den Endkunden!<\/p>\n<p style=\"text-align: left;\"><span><strong>Bei den hier gezeigten Bildern handelt es sich um Beispielbilder!<\/strong><\/span><\/p>\n<p style=\"text-align: left;\">F\u00fcr ein Angebot kontaktieren Sie uns Werktags telefonisch von 8 bis 16 Uhr unter +43 3322 43511 oder Rund um die Uhr per Mail an office@somo-naturwaren.com!\u00a0<\/p>\n<p>&nbsp;<\/p>\n<p>&nbsp;<\/p>\n<p>&nbsp;<\/p>\n<p>[\/et_pb_text][\/et_pb_column][\/et_pb_row][\/et_pb_section]<\/p>","protected":false},"excerpt":{"rendered":"<p>Gro\u00dfkunden und Wiederverkauf F\u00fcr Gro\u00dfkunden und Wiederverk\u00e4ufer bieten wir ALLE verf\u00fcgbaren SOMO\u00ae Ohrkerzen sowie K\u00f6rperkerzen in attraktiven Doppelpackungen und Vorratspackungen mit einem Preisvorteil f\u00fcr Sie und den Endkunden! Bei den [&hellip;]<\/p>","protected":false},"author":3,"featured_media":0,"parent":0,"menu_order":0,"comment_status":"closed","ping_status":"closed","template":"","meta":{"_et_pb_use_builder":"on","_et_pb_old_content":"","_et_gb_content_width":"","footnotes":""},"class_list":["post-245","page","type-page","status-publish","hentry"],"_links":{"self":[{"href":"https:\/\/somo-naturwaren.com\/en\/wp-json\/wp\/v2\/pages\/245","targetHints":{"allow":["GET"]}}],"collection":[{"href":"https:\/\/somo-naturwaren.com\/en\/wp-json\/wp\/v2\/pages"}],"about":[{"href":"https:\/\/somo-naturwaren.com\/en\/wp-json\/wp\/v2\/types\/page"}],"author":[{"embeddable":true,"href":"https:\/\/somo-naturwaren.com\/en\/wp-json\/wp\/v2\/users\/3"}],"replies":[{"embeddable":true,"href":"https:\/\/somo-naturwaren.com\/en\/wp-json\/wp\/v2\/comments?post=245"}],"version-history":[{"count":2,"href":"https:\/\/somo-naturwaren.com\/en\/wp-json\/wp\/v2\/pages\/245\/revisions"}],"predecessor-version":[{"id":8016,"href":"https:\/\/somo-naturwaren.com\/en\/wp-json\/wp\/v2\/pages\/245\/revisions\/8016"}],"wp:attachment":[{"href":"https:\/\/somo-naturwaren.com\/en\/wp-json\/wp\/v2\/media?parent=245"}],"curies":[{"name":"wp","href":"https:\/\/api.w.org\/{rel}","templated":true}]}}