{"id":6980,"date":"2021-11-01T12:25:50","date_gmt":"2021-11-01T12:25:50","guid":{"rendered":"https:\/\/somo.winningdesign.at\/?page_id=6980"},"modified":"2022-02-06T16:34:36","modified_gmt":"2022-02-06T15:34:36","slug":"hyla-2","status":"publish","type":"page","link":"https:\/\/somo-naturwaren.com\/en\/hyla-2\/","title":{"rendered":"Hyla"},"content":{"rendered":"<p>[et_pb_section fb_built=&#8220;1&#8243; _builder_version=&#8220;4.11.2&#8243; use_background_color_gradient=&#8220;on&#8220; background_color_gradient_start=&#8220;rgba(29,38,0,0.85)&#8220; background_color_gradient_end=&#8220;rgba(29,38,0,0)&#8220; background_color_gradient_direction=&#8220;45deg&#8220; background_color_gradient_overlays_image=&#8220;on&#8220; background_image=&#8220;https:\/\/somo-naturwaren.com\/wp-content\/uploads\/2021\/11\/jason-hogan-YyFwUKzv5FM-unsplash-scaled-1.jpg&#8220; custom_padding=&#8220;6vw|0px|6vw|0px|true|false&#8220; global_colors_info=&#8220;{}&#8220;][et_pb_row _builder_version=&#8220;3.25&#8243; global_colors_info=&#8220;{}&#8220;][et_pb_column type=&#8220;4_4&#8243; _builder_version=&#8220;3.25&#8243; custom_padding=&#8220;|||&#8220; global_colors_info=&#8220;{}&#8220; custom_padding__hover=&#8220;|||&#8220;][et_pb_text _builder_version=&#8220;3.27.4&#8243; text_font=&#8220;||||||||&#8220; text_font_size=&#8220;18px&#8220; text_line_height=&#8220;2em&#8220; ul_font=&#8220;||||||||&#8220; ol_font=&#8220;||||||||&#8220; header_font=&#8220;Cormorant Garamond|700|||||||&#8220; header_font_size=&#8220;60px&#8220; header_line_height=&#8220;1.2em&#8220; header_2_font=&#8220;||||||||&#8220; header_3_font=&#8220;||||||||&#8220; header_4_font=&#8220;||||||||&#8220; header_5_font=&#8220;||||||||&#8220; header_6_font=&#8220;||||||||&#8220; text_orientation=&#8220;center&#8220; background_layout=&#8220;dark&#8220; max_width=&#8220;600px&#8220; module_alignment=&#8220;center&#8220; custom_margin=&#8220;|||&#8220; text_font_size_tablet=&#8220;&#8220; text_font_size_phone=&#8220;16px&#8220; text_font_size_last_edited=&#8220;on|phone&#8220; header_font_size_tablet=&#8220;50px&#8220; header_font_size_phone=&#8220;40px&#8220; header_font_size_last_edited=&#8220;on|phone&#8220; locked=&#8220;off&#8220; global_colors_info=&#8220;{}&#8220;]<\/p>\n<h1>Hyla<\/h1>\n<p><span style=\"font-size: x-large;\">HYLA - the air and room cleaning system binds dirt and dust by water.<\/span><\/p>\n<p><span style=\"font-size: x-large;\">Fresh indoor air supports your health and contributes to your well-being.<\/span><\/p>\n<p>&nbsp;<\/p>\n<p>[\/et_pb_text][\/et_pb_column][\/et_pb_row][\/et_pb_section][et_pb_section fb_built=&#8220;1&#8243; admin_label=&#8220;About&#8220; _builder_version=&#8220;3.22&#8243; background_image=&#8220;https:\/\/somo-naturwaren.com\/wp-content\/uploads\/2021\/11\/gardener-03.png&#8220; background_size=&#8220;initial&#8220; background_position=&#8220;top_left&#8220; global_colors_info=&#8220;{}&#8220;][et_pb_row column_structure=&#8220;1_2,1_2&#8243; _builder_version=&#8220;3.25&#8243; custom_padding=&#8220;27px|0px|0|0px|false|false&#8220; locked=&#8220;off&#8220; global_colors_info=&#8220;{}&#8220;][et_pb_column type=&#8220;1_2&#8243; _builder_version=&#8220;3.25&#8243; custom_padding=&#8220;|||&#8220; global_colors_info=&#8220;{}&#8220; custom_padding__hover=&#8220;|||&#8220;][et_pb_text _builder_version=&#8220;3.27.4&#8243; text_font=&#8220;||||||||&#8220; text_font_size=&#8220;16px&#8220; text_line_height=&#8220;2em&#8220; header_font=&#8220;||||||||&#8220; header_3_font=&#8220;|700||on|||||&#8220; header_3_font_size=&#8220;20px&#8220; header_3_letter_spacing=&#8220;1px&#8220; header_3_line_height=&#8220;1.7em&#8220; text_font_size_tablet=&#8220;&#8220; text_font_size_phone=&#8220;14px&#8220; text_font_size_last_edited=&#8220;on|phone&#8220; locked=&#8220;off&#8220; global_colors_info=&#8220;{}&#8220;]<\/p>\n<p class=\"textbody\" align=\"center\" style=\"text-align: left;\"><span style=\"font-size: large;\"><b>A healthy home supports and enhances quality of life - Healthy air should be a given for everyone, with every breath.<\/b><\/span><o:p><\/o:p><\/p>\n<p class=\"textbody\" align=\"center\" style=\"text-align: left;\"><span style=\"font-size: 14.0pt;\">HYLA has focused on these fundamental requirements and existential goals to develop an air disinfection and space purification system that is responsible for a proven clean air and environment, enabling a quality living space.<\/span><o:p><\/o:p><\/p>\n<p class=\"textbody\" align=\"center\" style=\"text-align: left;\"><span style=\"font-size: 14.0pt;\">We have all become witnesses to the fact that life circumstances can change drastically in a very short time. Living together, responsibility and future are redefined and the topic of cleaning and disinfection have reached a top priority.<\/span><o:p><\/o:p><\/p>\n<p class=\"textbody\" align=\"center\" style=\"text-align: left;\"><span style=\"font-size: 14.0pt;\">HYLA's air disinfection and room cleaning system includes products for surface cleaning - surface disinfection, floor cleaning - floor disinfection and air cleaning - air disinfection.<\/span><o:p><\/o:p><\/p>\n<p class=\"textbody\" align=\"center\" style=\"text-align: left;\"><span style=\"font-size: 14.0pt;\">Different components ensure lasting disinfected rooms, not only occasionally or for short periods during the use. Our <\/span><a href=\"https:\/\/www.hyla-germany.de\/produkte\/wasserstaubsauger\/\"><span style=\"font-size: 14.0pt;\">System<\/span><\/a><span style=\"font-size: 14.0pt;\"> &amp; the accessories work sustainable and forward-looking. We speak of a preventive disinfection of rooms.<\/span><o:p><\/o:p><\/p>\n<p>&nbsp;<\/p>\n<p>[\/et_pb_text][et_pb_button button_text=&#8220;Gratis Beratung buchen&#8220; _builder_version=&#8220;4.14.7&#8243; _module_preset=&#8220;default&#8220; button_text_size=&#8220;26px&#8220; button_border_color=&#8220;#6dd241&#8243; hover_enabled=&#8220;0&#8243; global_colors_info=&#8220;{}&#8220; sticky_enabled=&#8220;0&#8243;][\/et_pb_button][\/et_pb_column][et_pb_column type=&#8220;1_2&#8243; _builder_version=&#8220;3.25&#8243; custom_padding=&#8220;|||&#8220; global_colors_info=&#8220;{}&#8220; custom_padding__hover=&#8220;|||&#8220;][et_pb_text _builder_version=&#8220;3.27.4&#8243; text_font=&#8220;||||||||&#8220; text_font_size=&#8220;16px&#8220; text_line_height=&#8220;2em&#8220; header_font=&#8220;||||||||&#8220; header_3_font=&#8220;|700||on|||||&#8220; header_3_font_size=&#8220;20px&#8220; header_3_letter_spacing=&#8220;1px&#8220; header_3_line_height=&#8220;1.7em&#8220; custom_padding=&#8220;||0px|||&#8220; text_font_size_tablet=&#8220;&#8220; text_font_size_phone=&#8220;14px&#8220; text_font_size_last_edited=&#8220;on|phone&#8220; global_colors_info=&#8220;{}&#8220;]<\/p>\n<p><span style=\"font-size: large;\">Our <a href=\"https:\/\/www.hyla-germany.de\/produkte\/wasserstaubsauger\/\">Air Disinfection<\/a> and <a href=\"https:\/\/www.hyla-germany.de\/produkte\/wasserstaubsauger\/\">Room cleaning system<\/a> has developed solutions that, for example, are able to rid your environment of the air of bacteria and at the same time, with a pleasant, relaxing, or to enrich a fruity scent (<a href=\"https:\/\/www.hyla-germany.de\/produkte\/hyla-aera\/\">HYLA AERA<\/a> in combination with AQUA FRESH Desinfectant Air and\/or essences.<\/span><\/p>\n<p>[\/et_pb_text][et_pb_image src=&#8220;https:\/\/somo-naturwaren.com\/wp-content\/uploads\/2021\/11\/hyla.jpg&#8220; title_text=&#8220;hyla&#8220; align_tablet=&#8220;center&#8220; align_phone=&#8220;&#8220; align_last_edited=&#8220;on|desktop&#8220; _builder_version=&#8220;4.12.1&#8243; custom_margin=&#8220;||0px|&#8220; animation_style=&#8220;slide&#8220; animation_direction=&#8220;top&#8220; animation_intensity_slide=&#8220;2%&#8220; box_shadow_style=&#8220;none&#8220; global_colors_info=&#8220;{}&#8220;][\/et_pb_image][\/et_pb_column][\/et_pb_row][\/et_pb_section][et_pb_section fb_built=&#8220;1&#8243; admin_label=&#8220;our Work&#8220; _builder_version=&#8220;3.22&#8243; global_colors_info=&#8220;{}&#8220;][et_pb_row column_structure=&#8220;1_2,1_2&#8243; use_custom_gutter=&#8220;on&#8220; gutter_width=&#8220;1&#8243; make_equal=&#8220;on&#8220; padding_left_right_link_2=&#8220;true&#8220; module_class=&#8220; et_pb_row_fullwidth&#8220; _builder_version=&#8220;4.11.2&#8243; width=&#8220;100%&#8220; width_tablet=&#8220;100%&#8220; width_phone=&#8220;&#8220; width_last_edited=&#8220;on|desktop&#8220; max_width=&#8220;100%&#8220; max_width_tablet=&#8220;100%&#8220; max_width_phone=&#8220;&#8220; max_width_last_edited=&#8220;on|desktop&#8220; custom_padding=&#8220;0|0px|0|0px|false|false&#8220; make_fullwidth=&#8220;on&#8220; locked=&#8220;off&#8220; global_colors_info=&#8220;{}&#8220;][et_pb_column type=&#8220;1_2&#8243; _builder_version=&#8220;4.11.2&#8243; background_enable_image=&#8220;off&#8220; custom_padding=&#8220;|||&#8220; global_colors_info=&#8220;{}&#8220; custom_padding__hover=&#8220;|||&#8220;][et_pb_image src=&#8220;https:\/\/somo-naturwaren.com\/wp-content\/uploads\/2021\/11\/hylafrosch.jpg&#8220; title_text=&#8220;hylafrosch&#8220; align=&#8220;center&#8220; force_fullwidth=&#8220;off&#8220; disabled_on=&#8220;on|off|off&#8220; _builder_version=&#8220;4.12.1&#8243; _module_preset=&#8220;default&#8220; custom_margin=&#8220;||36px|||&#8220; box_shadow_style=&#8220;none&#8220; global_colors_info=&#8220;{}&#8220;][\/et_pb_image][\/et_pb_column][et_pb_column type=&#8220;1_2&#8243; _builder_version=&#8220;3.25&#8243; custom_padding=&#8220;60px|8%||8%&#8220; custom_padding_tablet=&#8220;|10%||10%||true&#8220; custom_padding_phone=&#8220;&#8220; custom_padding_last_edited=&#8220;on|tablet&#8220; global_colors_info=&#8220;{}&#8220; padding_tablet=&#8220;|10%||10%||true&#8220; padding_last_edited=&#8220;on|tablet&#8220; custom_padding__hover=&#8220;|||&#8220; padding_phone=&#8220;|10%||10%||true&#8220;][et_pb_text _builder_version=&#8220;4.12.1&#8243; text_font=&#8220;||||||||&#8220; text_font_size=&#8220;16px&#8220; text_line_height=&#8220;2em&#8220; header_2_font=&#8220;Cormorant Garamond|700|||||||&#8220; header_2_font_size=&#8220;52px&#8220; header_2_line_height=&#8220;1.2em&#8220; custom_margin=&#8220;||40px|&#8220; custom_padding=&#8220;||0px|||&#8220; text_font_size_tablet=&#8220;&#8220; text_font_size_phone=&#8220;14px&#8220; text_font_size_last_edited=&#8220;on|phone&#8220; header_2_font_size_tablet=&#8220;42px&#8220; header_2_font_size_phone=&#8220;32px&#8220; header_2_font_size_last_edited=&#8220;on|desktop&#8220; locked=&#8220;off&#8220; global_colors_info=&#8220;{}&#8220;]<\/p>\n<h2 style=\"text-align: center;\">Disinfection as the First!<\/h2>\n<p class=\"textbody\" align=\"center\" style=\"text-align: left;\"><span style=\"font-size: 14.0pt;\">The <\/span><a href=\"https:\/\/www.hyla-germany.de\/produkte\/wasserstaubsauger\/\"><span style=\"font-size: 14.0pt;\">Floor cleaning<\/span><\/a><span style=\"font-size: 14.0pt;\"> and <\/span><a href=\"https:\/\/www.hyla-germany.de\/produkte\/wasserstaubsauger\/\"><span style=\"font-size: 14.0pt;\">Disinfection<\/span><\/a><span style=\"font-size: 14.0pt;\"> different floor coverings masters of the successful and popular <\/span><a href=\"https:\/\/www.hyla-germany.de\/produkte\/wasserstaubsauger\/\"><span style=\"font-size: 14.0pt;\">HYLA EST<\/span><\/a><span style=\"font-size: 14.0pt;\">. A <\/span><a href=\"https:\/\/www.hyla-germany.de\/produkte\/wasserstaubsauger\/\"><span style=\"font-size: 14.0pt;\">Water vacuum cleaner<\/span><\/a><span style=\"font-size: 14.0pt;\">that is without vacuum cleaner bags , filters or bags, pet hair removed and, in particular, suitable for Allergy sufferers.<\/span><o:p><\/o:p><\/p>\n<p class=\"textbody\" align=\"center\" style=\"text-align: left;\"><span style=\"font-size: 14.0pt;\">Here is the same effective &amp; environmentally friendly System intervenes, such as in the case of <\/span><a href=\"https:\/\/www.hyla-germany.de\/produkte\/hyla-aera\/\"><span style=\"font-size: 14.0pt;\">HYLA AERA<\/span><\/a><span style=\"font-size: 14.0pt;\"> and the <\/span><a href=\"https:\/\/www.hyla-germany.de\/produkte\/wasserstaubsauger\/\"><span style=\"font-size: 14.0pt;\">Vacuum cleaner<\/span><\/a><span style=\"font-size: 14.0pt;\"> catches dirt and bacteria directly in the vessel, and binds them in the water. <\/span><\/p>\n<p class=\"textbody\" align=\"center\" style=\"text-align: left;\"><span style=\"font-size: 14.0pt;\">The product range of HYLA linked to the Cleaning and Disinfection of surfaces and air, so that you live &amp; Breathe remains as natural as possible.<\/span><o:p><\/o:p><\/p>\n<p>[\/et_pb_text][et_pb_image src=&#8220;https:\/\/somo-naturwaren.com\/wp-content\/uploads\/2021\/11\/letztes_bild.jpg&#8220; title_text=&#8220;letztes_bild&#8220; force_fullwidth=&#8220;off&#8220; _builder_version=&#8220;4.12.1&#8243; _module_preset=&#8220;default&#8220; width=&#8220;100%&#8220; max_width=&#8220;52%&#8220; box_shadow_style=&#8220;none&#8220; global_colors_info=&#8220;{}&#8220;][\/et_pb_image][\/et_pb_column][\/et_pb_row][\/et_pb_section]<\/p>","protected":false},"excerpt":{"rendered":"<p>Hyla HYLA \u2013 das Luft- und Raumreinigungssystem bindet Schmutz und Staub durch Wasser. Frische Raumluft unterst\u00fctzt Ihre Gesundheit und tr\u00e4gt zu Ihrem Wohlbefinden bei. &nbsp;Ein gesundes Zuhause unterst\u00fctzt und erh\u00f6ht [&hellip;]<\/p>","protected":false},"author":3,"featured_media":0,"parent":0,"menu_order":0,"comment_status":"closed","ping_status":"closed","template":"","meta":{"_et_pb_use_builder":"on","_et_pb_old_content":"","_et_gb_content_width":"","footnotes":""},"class_list":["post-6980","page","type-page","status-publish","hentry"],"_links":{"self":[{"href":"https:\/\/somo-naturwaren.com\/en\/wp-json\/wp\/v2\/pages\/6980","targetHints":{"allow":["GET"]}}],"collection":[{"href":"https:\/\/somo-naturwaren.com\/en\/wp-json\/wp\/v2\/pages"}],"about":[{"href":"https:\/\/somo-naturwaren.com\/en\/wp-json\/wp\/v2\/types\/page"}],"author":[{"embeddable":true,"href":"https:\/\/somo-naturwaren.com\/en\/wp-json\/wp\/v2\/users\/3"}],"replies":[{"embeddable":true,"href":"https:\/\/somo-naturwaren.com\/en\/wp-json\/wp\/v2\/comments?post=6980"}],"version-history":[{"count":9,"href":"https:\/\/somo-naturwaren.com\/en\/wp-json\/wp\/v2\/pages\/6980\/revisions"}],"predecessor-version":[{"id":8169,"href":"https:\/\/somo-naturwaren.com\/en\/wp-json\/wp\/v2\/pages\/6980\/revisions\/8169"}],"wp:attachment":[{"href":"https:\/\/somo-naturwaren.com\/en\/wp-json\/wp\/v2\/media?parent=6980"}],"curies":[{"name":"wp","href":"https:\/\/api.w.org\/{rel}","templated":true}]}}