{"id":7,"date":"2022-01-13T20:02:37","date_gmt":"2022-01-13T19:02:37","guid":{"rendered":"http:\/\/somo-naturwaren.com\/?page_id=7"},"modified":"2022-01-22T15:02:46","modified_gmt":"2022-01-22T14:02:46","slug":"7-2","status":"publish","type":"page","link":"https:\/\/somo-naturwaren.com\/en\/7-2\/","title":{"rendered":"UnderConstruction"},"content":{"rendered":"<p>[et_pb_section fb_built=&#8220;1&#8243; _builder_version=&#8220;3.22&#8243; global_colors_info=&#8220;{}&#8220;][et_pb_row _builder_version=&#8220;3.25&#8243; background_size=&#8220;initial&#8220; background_position=&#8220;top_left&#8220; background_repeat=&#8220;repeat&#8220; global_colors_info=&#8220;{}&#8220;][et_pb_column type=&#8220;4_4&#8243; _builder_version=&#8220;3.25&#8243; custom_padding=&#8220;|||&#8220; global_colors_info=&#8220;{}&#8220; custom_padding__hover=&#8220;|||&#8220;][et_pb_blurb use_icon=&#8220;on&#8220; font_icon=&#8220;\ue035&#8220; icon_color=&#8220;#E09900&#8243; use_icon_font_size=&#8220;on&#8220; icon_font_size=&#8220;120px&#8220; _builder_version=&#8220;4.9.1&#8243; body_font_size=&#8220;21px&#8220; body_line_height=&#8220;1.8em&#8220; background_size=&#8220;initial&#8220; background_position=&#8220;top_left&#8220; background_repeat=&#8220;repeat&#8220; text_orientation=&#8220;center&#8220; locked=&#8220;off&#8220; global_colors_info=&#8220;{}&#8220;]<\/p>\n<p style=\"text-align: center;\">Liebe Kunden, hier entsteht f\u00fcr Sie die neue Somo-Naturwaren Website.<\/p>\n<p style=\"text-align: center;\">Dies ist die Erneuerung von Somo- Ohrkerzen.<\/p>\n<p style=\"text-align: center;\">F\u00fcr Bestellungen erreichen Sie uns weiterhin unter <strong><a href=\"mailto:office@somo-naturwaren.com\"><span style=\"text-decoration: underline;\"><span style=\"color: #7cda24; text-decoration: underline;\">office@somo-naturwaren.com<\/span><\/span><\/a><\/strong> oder telefonisch unter <strong><a data-dtype=\"d3ph\" data-local-attribute=\"d3ph\" jscontroller=\"LWZElb\" href=\"https:\/\/www.google.at\/search?q=somo+ohrkerzen&amp;btnK=Google+Suche&amp;source=hp&amp;ei=5q_dYfPrCtWFjLsPkuSh0Ag&amp;iflsig=ALs-wAMAAAAAYd299geyVAIno4gwk91p2gswx8_N2SfU&amp;ved=0ahUKEwjz9ofqjqr1AhXVAmMBHRJyCIoQ4dUDCAc&amp;uact=5&amp;oq=%2FRayzky_&amp;gs_lcp=Cgdnd3Mtd2l6EAMyBAgAEBMyBggAEB4QEzoOCAAQjwEQ6gIQjAMQ5QI6DgguEI8BEOoCEIwDEOUCULsEWLsEYIEVaAFwAHgAgAGLAYgBiwGSAQMwLjGYAQCgAQKgAQGwAQo&amp;sclient=gws-wiz#\" jsdata=\"QKGTRc;_;Cd6rY8\" jsaction=\"rcuQ6b:npT2md;F75qrd\" data-ved=\"2ahUKEwi10eDOs6_1AhU__7sIHZLQAhoQkAgoAHoECEcQAw\"><span aria-label=\"03322 43511 anrufen\"><span style=\"text-decoration: underline; color: #7cda24;\">03322 43511<\/span><\/span><\/a><\/strong>. In wenigen Tagen k\u00f6nnen Sie unsere neue Website und Webshop besuchen. Wir danken Ihnen f\u00fcr Ihr Verst\u00e4ndnis.<\/p>\n<p style=\"text-align: center;\">\n<p style=\"text-align: center;\">\n<p style=\"text-align: center;\">\n<p style=\"text-align: center;\">\n<p style=\"text-align: center;\">\n<p style=\"text-align: center;\">\n<p style=\"text-align: center;\">\n<p style=\"text-align: center;\">\n<p style=\"text-align: center;\">\n<p>[\/et_pb_blurb][\/et_pb_column][\/et_pb_row][\/et_pb_section]<\/p>","protected":false},"excerpt":{"rendered":"<p>Liebe Kunden, hier entsteht f\u00fcr Sie die neue Somo-Naturwaren Website. Dies ist die Erneuerung von Somo- Ohrkerzen. F\u00fcr Bestellungen erreichen Sie uns weiterhin unter office@somo-naturwaren.com oder telefonisch unter 03322 43511. [&hellip;]<\/p>","protected":false},"author":1,"featured_media":0,"parent":0,"menu_order":0,"comment_status":"closed","ping_status":"closed","template":"","meta":{"_et_pb_use_builder":"on","_et_pb_old_content":"","_et_gb_content_width":"","footnotes":""},"class_list":["post-7","page","type-page","status-publish","hentry"],"_links":{"self":[{"href":"https:\/\/somo-naturwaren.com\/en\/wp-json\/wp\/v2\/pages\/7","targetHints":{"allow":["GET"]}}],"collection":[{"href":"https:\/\/somo-naturwaren.com\/en\/wp-json\/wp\/v2\/pages"}],"about":[{"href":"https:\/\/somo-naturwaren.com\/en\/wp-json\/wp\/v2\/types\/page"}],"author":[{"embeddable":true,"href":"https:\/\/somo-naturwaren.com\/en\/wp-json\/wp\/v2\/users\/1"}],"replies":[{"embeddable":true,"href":"https:\/\/somo-naturwaren.com\/en\/wp-json\/wp\/v2\/comments?post=7"}],"version-history":[{"count":2,"href":"https:\/\/somo-naturwaren.com\/en\/wp-json\/wp\/v2\/pages\/7\/revisions"}],"predecessor-version":[{"id":7933,"href":"https:\/\/somo-naturwaren.com\/en\/wp-json\/wp\/v2\/pages\/7\/revisions\/7933"}],"wp:attachment":[{"href":"https:\/\/somo-naturwaren.com\/en\/wp-json\/wp\/v2\/media?parent=7"}],"curies":[{"name":"wp","href":"https:\/\/api.w.org\/{rel}","templated":true}]}}