{"id":276,"date":"2021-10-17T15:42:36","date_gmt":"2021-10-17T15:42:36","guid":{"rendered":"https:\/\/somo.winningdesign.at\/?post_type=product&#038;p=276"},"modified":"2025-11-10T14:46:18","modified_gmt":"2025-11-10T13:46:18","slug":"somo-koerperkerze-gruen-2","status":"publish","type":"product","link":"https:\/\/somo-naturwaren.com\/en\/product\/somo-koerperkerze-gruen-2\/","title":{"rendered":"SOMO\u00ae K\u00f6rperkerze GR\u00dcN &#8211; Minze"},"content":{"rendered":"<p>Die Anwendung der SOMO\u00ae-K\u00f6rperkerzen ist denkbar einfach! Dazu ben\u00f6tigt man nur ein Glas oder eine Schale mit Wasser, eine Schere, Streichh\u00f6lzer, eine Mullkompresse und eine Hilfsperson. Legen Sie sich bequem und entspannt hin, massieren Sie mit kreisenden Bewegungen die gew\u00fcnschte Stelle und legen anschlie\u00dfend eine d\u00fcnne Mullkompresse darauf. Dann z\u00fcnden Sie die entsprechende SOMO\u00ae-K\u00f6rperkerze am ausgefransten Ende an. Mit dem anderen Ende stellen Sie die SOMO\u00ae-K\u00f6rperkerze auf die, bei den einzelnen Chakren beschriebene, gew\u00fcnschte K\u00f6rperstelle. Lassen Sie nun die Kerze bis auf ca. 6 cm abbrennen und l\u00f6schen Sie den Rest im bereitgestellten Wasser. Beim Abbrennen der Kerze entsteht ein zunehmender W\u00e4rmeeffekt und ein angenehmes, wohliges K\u00f6rpergef\u00fchl breitet sich aus. \u00dcber die Haut wird diese W\u00e4rme gezielt zu den entsprechenden Chakren und inneren Organen gef\u00fchrt. Um die Balance im K\u00f6rper auszugleichen, ist es empfehlenswert, auf gen\u00fcgend Fl\u00fcssigkeitszufuhr zu achten. Als f\u00f6rderlich erweist es sich, wenn Sie sich nach jeder Anwendung etwas Zeit zum Ausruhen und Entspannen nehmen. Die SOMO\u00ae-K\u00f6rperkerzen sind ein reines Naturmittel und ersetzen keinen Arzt oder Psychotherapeuten! Sie sind eine neue, energetische Therapieform zur Erlangung der Harmonisierung des Energieausgleichs im K\u00f6rper. Kleine Abweichungen in der Form und Farbe der SOMO\u00ae-K\u00f6rperkerzen sind m\u00f6glich, da jede einzelne SOMO\u00ae-K\u00f6rperkerze handgefertigt ist.<\/p>","protected":false},"excerpt":{"rendered":"<p>Heart chakra<br \/>\nbefindet sich in der Mitte des Brustkorbes. Der Kerzenansatz erfolgt in der Mitte des Brustkorbes.<\/p>\n<p>Bringt energetischen Ausgleich im Herzbereich, l\u00f6st Energieblockaden und f\u00fchrt dich zum Weg der Liebe, wenn du dazu bereit bist. Die wahre Liebe ist die Herzensliebe.<\/p>","protected":false},"featured_media":308,"comment_status":"open","ping_status":"closed","template":"","meta":{"_et_pb_use_builder":"off","_et_pb_old_content":"Die Anwendung der SOMO\u00ae-K\u00f6rperkerzen ist denkbar einfach!\r\n\r\nDazu ben\u00f6tigt man nur ein Glas oder eine Schale mit Wasser, eine Schere, Streichh\u00f6lzer, eine Mullkompresse und eine Hilfsperson.\r\n\r\nLegen Sie sich bequem und entspannt hin, massieren Sie mit kreisenden Bewegungen die gew\u00fcnschte Stelle und legen anschlie\u00dfend eine d\u00fcnne Mullkompresse darauf. Dann z\u00fcnden Sie die entsprechende SOMO\u00ae-K\u00f6rperkerze am ausgefransten Ende an. Mit dem anderen Ende stellen Sie die SOMO\u00ae-K\u00f6rperkerze auf die, bei den einzelnen Chakren beschriebene, gew\u00fcnschte K\u00f6rperstelle.\r\n\r\nLassen Sie nun die Kerze bis auf ca. 6 cm abbrennen und l\u00f6schen Sie den Rest im bereitgestellten Wasser. Beim Abbrennen der Kerze entsteht ein zunehmender W\u00e4rmeeffekt und ein angenehmes, wohliges K\u00f6rpergef\u00fchl breitet sich aus.\r\n\r\n\u00dcber die Haut wird diese W\u00e4rme gezielt zu den entsprechenden Chakren und inneren Organen gef\u00fchrt. Um die Balance im K\u00f6rper auszugleichen, ist es empfehlenswert, auf gen\u00fcgend Fl\u00fcssigkeitszufuhr zu achten.\r\n\r\nAls f\u00f6rderlich erweist es sich, wenn Sie sich nach jeder Anwendung etwas Zeit zum Ausruhen und Entspannen nehmen. Die SOMO\u00ae-K\u00f6rperkerzen sind ein reines Naturmittel und ersetzen keinen Arzt oder Psychotherapeuten!\r\n\r\nSie sind eine neue, energetische Therapieform zur Erlangung der Harmonisierung des Energieausgleichs im K\u00f6rper. Kleine Abweichungen in der Form und Farbe der SOMO\u00ae-K\u00f6rperkerzen sind m\u00f6glich, da jede einzelne SOMO\u00ae-K\u00f6rperkerze handgefertigt ist.","_et_gb_content_width":""},"product_brand":[],"product_cat":[19],"product_tag":[],"class_list":{"0":"post-276","1":"product","2":"type-product","3":"status-publish","4":"has-post-thumbnail","6":"product_cat-koerperkerzen","8":"first","9":"instock","10":"taxable","11":"shipping-taxable","12":"purchasable","13":"product-type-simple"},"_links":{"self":[{"href":"https:\/\/somo-naturwaren.com\/en\/wp-json\/wp\/v2\/product\/276","targetHints":{"allow":["GET"]}}],"collection":[{"href":"https:\/\/somo-naturwaren.com\/en\/wp-json\/wp\/v2\/product"}],"about":[{"href":"https:\/\/somo-naturwaren.com\/en\/wp-json\/wp\/v2\/types\/product"}],"replies":[{"embeddable":true,"href":"https:\/\/somo-naturwaren.com\/en\/wp-json\/wp\/v2\/comments?post=276"}],"wp:featuredmedia":[{"embeddable":true,"href":"https:\/\/somo-naturwaren.com\/en\/wp-json\/wp\/v2\/media\/308"}],"wp:attachment":[{"href":"https:\/\/somo-naturwaren.com\/en\/wp-json\/wp\/v2\/media?parent=276"}],"wp:term":[{"taxonomy":"product_brand","embeddable":true,"href":"https:\/\/somo-naturwaren.com\/en\/wp-json\/wp\/v2\/product_brand?post=276"},{"taxonomy":"product_cat","embeddable":true,"href":"https:\/\/somo-naturwaren.com\/en\/wp-json\/wp\/v2\/product_cat?post=276"},{"taxonomy":"product_tag","embeddable":true,"href":"https:\/\/somo-naturwaren.com\/en\/wp-json\/wp\/v2\/product_tag?post=276"}],"curies":[{"name":"wp","href":"https:\/\/api.w.org\/{rel}","templated":true}]}}