{"id":286,"date":"2021-10-17T15:42:38","date_gmt":"2021-10-17T15:42:38","guid":{"rendered":"https:\/\/somo.winningdesign.at\/?post_type=product&#038;p=286"},"modified":"2026-02-04T09:41:00","modified_gmt":"2026-02-04T08:41:00","slug":"somo-koerperkerzen-set-9-2","status":"publish","type":"product","link":"https:\/\/somo-naturwaren.com\/en\/product\/somo-koerperkerzen-set-9-2\/","title":{"rendered":"*AKTION 2026* SOMO\u00ae K\u00f6rperkerzen SET 9"},"content":{"rendered":"<p>Die Anwendung der SOMO\u00ae-Chakren-K\u00f6rperkerzen ist denkbar einfach!<\/p>\n<p>Dazu ben\u00f6tigt man nur ein Glas oder eine Schale mit Wasser, eine Schere, Streichh\u00f6lzer, eine Mullkompresse und eine Hilfsperson.<\/p>\n<p>Legen Sie sich bequem und entspannt hin, massieren Sie mit kreisenden Bewegungen die gew\u00fcnschte Stelle und legen anschlie\u00dfend eine d\u00fcnne Mullkompresse darauf. Dann z\u00fcnden Sie die entsprechende SOMO\u00ae-Chakren-K\u00f6rperkerze am ausgefransten Ende an. Mit dem anderen Ende stellen Sie die SOMO\u00ae-Chakren-K\u00f6rperkerze auf die, bei den einzelnen Chakren beschriebene, gew\u00fcnschte K\u00f6rperstelle.<\/p>\n<p>Now let the candle burn down to about 6 cm and extinguish the rest in the water provided. As the candle burns down, there is an increasing warming effect and a pleasant, comforting body sensation spreads.<\/p>\n<p>Through the skin, this heat is directed specifically to the appropriate chakras and internal organs. To balance the body, it is recommended to ensure sufficient hydration.<\/p>\n<p>Als f\u00f6rderlich erweist es sich, wenn Sie sich nach jeder Anwendung etwas Zeit zum Ausruhen und Entspannen nehmen. Die SOMO\u00ae-Chakren-K\u00f6rperkerzen sind ein reines Naturmittel und ersetzen keinen Arzt oder Psychotherapeuten!<\/p>\n<p>Sie sind eine neue, energetische Therapieform zur Erlangung der Harmonisierung des Energieausgleichs im K\u00f6rper. Kleine Abweichungen in der Form und Farbe der SOMO\u00ae-Chakren-K\u00f6rperkerzen sind m\u00f6glich, da jede einzelne SOMO\u00ae-Chakren-K\u00f6rperkerze handgefertigt ist.<\/p>","protected":false},"excerpt":{"rendered":"<p>9 Kerzen farblich sortiert: Schwarz, Rot, Orange, Gelb, Gr\u00fcn, Hellblau, K\u00f6nigsblau, Violett, Weiss<\/p>\n<p>Siehe Abbildung!<\/p>\n<p>&nbsp;<\/p>","protected":false},"featured_media":319,"comment_status":"open","ping_status":"closed","template":"","meta":{"_et_pb_use_builder":"","_et_pb_old_content":"","_et_gb_content_width":""},"product_brand":[],"product_cat":[19],"product_tag":[],"class_list":{"0":"post-286","1":"product","2":"type-product","3":"status-publish","4":"has-post-thumbnail","6":"product_cat-koerperkerzen","8":"first","9":"instock","10":"sale","11":"taxable","12":"shipping-taxable","13":"purchasable","14":"product-type-simple"},"_links":{"self":[{"href":"https:\/\/somo-naturwaren.com\/en\/wp-json\/wp\/v2\/product\/286","targetHints":{"allow":["GET"]}}],"collection":[{"href":"https:\/\/somo-naturwaren.com\/en\/wp-json\/wp\/v2\/product"}],"about":[{"href":"https:\/\/somo-naturwaren.com\/en\/wp-json\/wp\/v2\/types\/product"}],"replies":[{"embeddable":true,"href":"https:\/\/somo-naturwaren.com\/en\/wp-json\/wp\/v2\/comments?post=286"}],"wp:featuredmedia":[{"embeddable":true,"href":"https:\/\/somo-naturwaren.com\/en\/wp-json\/wp\/v2\/media\/319"}],"wp:attachment":[{"href":"https:\/\/somo-naturwaren.com\/en\/wp-json\/wp\/v2\/media?parent=286"}],"wp:term":[{"taxonomy":"product_brand","embeddable":true,"href":"https:\/\/somo-naturwaren.com\/en\/wp-json\/wp\/v2\/product_brand?post=286"},{"taxonomy":"product_cat","embeddable":true,"href":"https:\/\/somo-naturwaren.com\/en\/wp-json\/wp\/v2\/product_cat?post=286"},{"taxonomy":"product_tag","embeddable":true,"href":"https:\/\/somo-naturwaren.com\/en\/wp-json\/wp\/v2\/product_tag?post=286"}],"curies":[{"name":"wp","href":"https:\/\/api.w.org\/{rel}","templated":true}]}}