{"id":287,"date":"2021-10-17T15:42:38","date_gmt":"2021-10-17T15:42:38","guid":{"rendered":"https:\/\/somo.winningdesign.at\/?post_type=product&#038;p=287"},"modified":"2023-05-18T09:46:13","modified_gmt":"2023-05-18T07:46:13","slug":"somo-koerperkerze-gold-2","status":"publish","type":"product","link":"https:\/\/somo-naturwaren.com\/en\/product\/somo-koerperkerze-gold-2\/","title":{"rendered":"SOMO\u00ae K\u00f6rperkerze GOLD"},"content":{"rendered":"","protected":false},"excerpt":{"rendered":"<p>Inklusive Tropfschutz-Scheibe!<\/p>\n<p>Mit Bienenwachs, Bio Zimtbl\u00e4tter\u00f6l aus SriLanka und nat\u00fcrlichen mineralischen Pigmenten.<\/p>","protected":false},"featured_media":333,"comment_status":"open","ping_status":"closed","template":"","meta":{"_et_pb_use_builder":"","_et_pb_old_content":"","_et_gb_content_width":""},"product_brand":[],"product_cat":[15,19],"product_tag":[52],"class_list":{"0":"post-287","1":"product","2":"type-product","3":"status-publish","4":"has-post-thumbnail","6":"product_cat-alle","7":"product_cat-koerperkerzen","8":"product_tag-biene","10":"first","11":"instock","12":"taxable","13":"shipping-taxable","14":"purchasable","15":"product-type-simple"},"_links":{"self":[{"href":"https:\/\/somo-naturwaren.com\/en\/wp-json\/wp\/v2\/product\/287","targetHints":{"allow":["GET"]}}],"collection":[{"href":"https:\/\/somo-naturwaren.com\/en\/wp-json\/wp\/v2\/product"}],"about":[{"href":"https:\/\/somo-naturwaren.com\/en\/wp-json\/wp\/v2\/types\/product"}],"replies":[{"embeddable":true,"href":"https:\/\/somo-naturwaren.com\/en\/wp-json\/wp\/v2\/comments?post=287"}],"wp:featuredmedia":[{"embeddable":true,"href":"https:\/\/somo-naturwaren.com\/en\/wp-json\/wp\/v2\/media\/333"}],"wp:attachment":[{"href":"https:\/\/somo-naturwaren.com\/en\/wp-json\/wp\/v2\/media?parent=287"}],"wp:term":[{"taxonomy":"product_brand","embeddable":true,"href":"https:\/\/somo-naturwaren.com\/en\/wp-json\/wp\/v2\/product_brand?post=287"},{"taxonomy":"product_cat","embeddable":true,"href":"https:\/\/somo-naturwaren.com\/en\/wp-json\/wp\/v2\/product_cat?post=287"},{"taxonomy":"product_tag","embeddable":true,"href":"https:\/\/somo-naturwaren.com\/en\/wp-json\/wp\/v2\/product_tag?post=287"}],"curies":[{"name":"wp","href":"https:\/\/api.w.org\/{rel}","templated":true}]}}