{"id":292,"date":"2021-10-17T15:42:39","date_gmt":"2021-10-17T15:42:39","guid":{"rendered":"https:\/\/somo.winningdesign.at\/?post_type=product&#038;p=292"},"modified":"2024-05-01T20:52:12","modified_gmt":"2024-05-01T18:52:12","slug":"somo-hanf-kinder-premium-sicherheits-ohrkerze-2","status":"publish","type":"product","link":"https:\/\/somo-naturwaren.com\/en\/product\/somo-hanf-kinder-premium-sicherheits-ohrkerze-2\/","title":{"rendered":"SOMO\u00ae HANF KINDER"},"content":{"rendered":"<p>Die Ohrkerze ist ein von Naturv\u00f6lkern und unseren Urgro\u00dfeltern vielfach angewendetes Naturmittel (Hausmittel), dessen Anwendung nicht nur ein befreiendes Gef\u00fchl f\u00fcr Kopf und Ohren bringt, sondern auch teilweise verbl\u00fcffende Erfolge bei St\u00f6rungen im Nebenh\u00f6hlenbereich, bei diffusen Ohrger\u00e4uschen, Ohrensausen, Ohrenschmerzen, chronischen Ohrbeschwerden, H\u00f6rschw\u00e4chen (akut oder altersbedingt), Kopfdruck, Migr\u00e4ne, Durchblutungsst\u00f6rung der Ohren, Schnupfen, Stockschnupfen, Lymphstauungen im Hals- und Nackenbereich. Die Strahlen der Flamme bringen Reinigung und W\u00e4rme in Deine Aura in diesem K\u00f6rperbereich.<\/p>","protected":false},"excerpt":{"rendered":"<p>SOMO\u00ae Hanf Kinder<\/p>\n<div>\n<p>PREMIUM Sicherheitsohrkerze mit optimalem Durchmesser zur Anwendung bei Kindern, Jugendlichen und Menschen mit kleiner Ohrmuschel. Tropfschutz integriert.<\/p>\n<p>Einzeln in beliebiger Menge bestellbar!<\/p>\n<p>F\u00fcr Wiederverk\u00e4ufer bieten wir attraktive Doppelpackungen an!<\/p>\n<\/div>\n<p>Mit 100% Bio Hanfextrakt, Teebaum\u00f6l und Rosmarin\u00f6l.<\/p>\n<p>Preis pro St\u00fcck.<\/p>","protected":false},"featured_media":8984,"comment_status":"open","ping_status":"closed","template":"","meta":{"_et_pb_use_builder":"","_et_pb_old_content":"","_et_gb_content_width":""},"product_brand":[],"product_cat":[21,17],"product_tag":[52,50],"class_list":{"0":"post-292","1":"product","2":"type-product","3":"status-publish","4":"has-post-thumbnail","6":"product_cat-kinder","7":"product_cat-ohrkerzen","8":"product_tag-biene","9":"product_tag-hanf","11":"first","12":"instock","13":"taxable","14":"shipping-taxable","15":"purchasable","16":"product-type-simple"},"_links":{"self":[{"href":"https:\/\/somo-naturwaren.com\/en\/wp-json\/wp\/v2\/product\/292","targetHints":{"allow":["GET"]}}],"collection":[{"href":"https:\/\/somo-naturwaren.com\/en\/wp-json\/wp\/v2\/product"}],"about":[{"href":"https:\/\/somo-naturwaren.com\/en\/wp-json\/wp\/v2\/types\/product"}],"replies":[{"embeddable":true,"href":"https:\/\/somo-naturwaren.com\/en\/wp-json\/wp\/v2\/comments?post=292"}],"wp:featuredmedia":[{"embeddable":true,"href":"https:\/\/somo-naturwaren.com\/en\/wp-json\/wp\/v2\/media\/8984"}],"wp:attachment":[{"href":"https:\/\/somo-naturwaren.com\/en\/wp-json\/wp\/v2\/media?parent=292"}],"wp:term":[{"taxonomy":"product_brand","embeddable":true,"href":"https:\/\/somo-naturwaren.com\/en\/wp-json\/wp\/v2\/product_brand?post=292"},{"taxonomy":"product_cat","embeddable":true,"href":"https:\/\/somo-naturwaren.com\/en\/wp-json\/wp\/v2\/product_cat?post=292"},{"taxonomy":"product_tag","embeddable":true,"href":"https:\/\/somo-naturwaren.com\/en\/wp-json\/wp\/v2\/product_tag?post=292"}],"curies":[{"name":"wp","href":"https:\/\/api.w.org\/{rel}","templated":true}]}}