{"id":7637,"date":"2021-11-29T15:55:12","date_gmt":"2021-11-29T14:55:12","guid":{"rendered":"https:\/\/somo-naturwaren.com\/?post_type=product&#038;p=7637"},"modified":"2021-11-29T15:55:12","modified_gmt":"2021-11-29T14:55:12","slug":"raps-waermekissen","status":"publish","type":"product","link":"https:\/\/somo-naturwaren.com\/en\/product\/raps-waermekissen\/","title":{"rendered":"Raps W\u00e4rmekissen"},"content":{"rendered":"","protected":false},"excerpt":{"rendered":"<p>Therapiekissen Gelb 33 x 15cm.<\/p>\n<p>100% Handarbeit aus dem S\u00fcdburgenland.<\/p>\n<p>\u00dcberzug 100% Baumwolle bei 40\u00b0 Waschbar.<\/p>\n<p>Inlay 100% Baumwolle mit F\u00fcllung, herausnehmbar.<\/p>\n<p>F\u00fcllung: Rapssamen gereinigt, aus heimischer Landwirtschaft.<\/p>\n<p>Warm und Kalt anwendbar. Inlay im Backrohr, in der Mikrowelle hei\u00df oder im Gefrierfach kalt machen und als Therapiekissen verwenden. Nur zur \u00e4u\u00dferen Anwendung empfohlen.<\/p>","protected":false},"featured_media":0,"comment_status":"open","ping_status":"closed","template":"","meta":{"_et_pb_use_builder":"","_et_pb_old_content":"","_et_gb_content_width":""},"product_brand":[],"product_cat":[43],"product_tag":[51,49],"class_list":{"0":"post-7637","1":"product","2":"type-product","3":"status-publish","5":"product_cat-naturwaren","6":"product_tag-raps","7":"product_tag-vegan","9":"first","10":"instock","11":"taxable","12":"shipping-taxable","13":"purchasable","14":"product-type-simple"},"_links":{"self":[{"href":"https:\/\/somo-naturwaren.com\/en\/wp-json\/wp\/v2\/product\/7637","targetHints":{"allow":["GET"]}}],"collection":[{"href":"https:\/\/somo-naturwaren.com\/en\/wp-json\/wp\/v2\/product"}],"about":[{"href":"https:\/\/somo-naturwaren.com\/en\/wp-json\/wp\/v2\/types\/product"}],"replies":[{"embeddable":true,"href":"https:\/\/somo-naturwaren.com\/en\/wp-json\/wp\/v2\/comments?post=7637"}],"wp:attachment":[{"href":"https:\/\/somo-naturwaren.com\/en\/wp-json\/wp\/v2\/media?parent=7637"}],"wp:term":[{"taxonomy":"product_brand","embeddable":true,"href":"https:\/\/somo-naturwaren.com\/en\/wp-json\/wp\/v2\/product_brand?post=7637"},{"taxonomy":"product_cat","embeddable":true,"href":"https:\/\/somo-naturwaren.com\/en\/wp-json\/wp\/v2\/product_cat?post=7637"},{"taxonomy":"product_tag","embeddable":true,"href":"https:\/\/somo-naturwaren.com\/en\/wp-json\/wp\/v2\/product_tag?post=7637"}],"curies":[{"name":"wp","href":"https:\/\/api.w.org\/{rel}","templated":true}]}}