{"id":7733,"date":"2021-12-03T19:00:34","date_gmt":"2021-12-03T18:00:34","guid":{"rendered":"https:\/\/somo-naturwaren.com\/?post_type=product&#038;p=7733"},"modified":"2025-08-30T08:40:58","modified_gmt":"2025-08-30T06:40:58","slug":"wohliger-lavendel-teemischung-30g","status":"publish","type":"product","link":"https:\/\/somo-naturwaren.com\/en\/product\/wohliger-lavendel-teemischung-30g\/","title":{"rendered":"Wohliger Lavendel Teemischung 30g"},"content":{"rendered":"<p>Genie\u00dfe beruhigenden Lavendel mit Minze, Himbeerbl\u00e4tter und Gei\u00dfkraut<\/p>","protected":false},"excerpt":{"rendered":"<p>Genie\u00dfe beruhigenden Lavendel mit Minze, Himbeerbl\u00e4tter und Gei\u00dfkraut<\/p>","protected":false},"featured_media":9538,"comment_status":"open","ping_status":"closed","template":"","meta":{"_et_pb_use_builder":"","_et_pb_old_content":"","_et_gb_content_width":""},"product_brand":[],"product_cat":[47,43,48],"product_tag":[53,55,65,49],"class_list":{"0":"post-7733","1":"product","2":"type-product","3":"status-publish","4":"has-post-thumbnail","6":"product_cat-geniessen","7":"product_cat-naturwaren","8":"product_cat-vegan","9":"product_tag-kraeuter","10":"product_tag-lavendel","11":"product_tag-tee","12":"product_tag-vegan","14":"first","15":"instock","16":"taxable","17":"shipping-taxable","18":"purchasable","19":"product-type-simple"},"_links":{"self":[{"href":"https:\/\/somo-naturwaren.com\/en\/wp-json\/wp\/v2\/product\/7733","targetHints":{"allow":["GET"]}}],"collection":[{"href":"https:\/\/somo-naturwaren.com\/en\/wp-json\/wp\/v2\/product"}],"about":[{"href":"https:\/\/somo-naturwaren.com\/en\/wp-json\/wp\/v2\/types\/product"}],"replies":[{"embeddable":true,"href":"https:\/\/somo-naturwaren.com\/en\/wp-json\/wp\/v2\/comments?post=7733"}],"wp:featuredmedia":[{"embeddable":true,"href":"https:\/\/somo-naturwaren.com\/en\/wp-json\/wp\/v2\/media\/9538"}],"wp:attachment":[{"href":"https:\/\/somo-naturwaren.com\/en\/wp-json\/wp\/v2\/media?parent=7733"}],"wp:term":[{"taxonomy":"product_brand","embeddable":true,"href":"https:\/\/somo-naturwaren.com\/en\/wp-json\/wp\/v2\/product_brand?post=7733"},{"taxonomy":"product_cat","embeddable":true,"href":"https:\/\/somo-naturwaren.com\/en\/wp-json\/wp\/v2\/product_cat?post=7733"},{"taxonomy":"product_tag","embeddable":true,"href":"https:\/\/somo-naturwaren.com\/en\/wp-json\/wp\/v2\/product_tag?post=7733"}],"curies":[{"name":"wp","href":"https:\/\/api.w.org\/{rel}","templated":true}]}}