{"id":7734,"date":"2021-12-03T19:02:09","date_gmt":"2021-12-03T18:02:09","guid":{"rendered":"https:\/\/somo-naturwaren.com\/?post_type=product&#038;p=7734"},"modified":"2025-08-30T09:18:58","modified_gmt":"2025-08-30T07:18:58","slug":"milde-rose-teemischung-30g","status":"publish","type":"product","link":"https:\/\/somo-naturwaren.com\/en\/product\/milde-rose-teemischung-30g\/","title":{"rendered":"Milde Rose Teemischung 30g"},"content":{"rendered":"<p>Lass die entf\u00fchren in die Welt der milden Rose, mit Gei\u00dfkraut, Apfel und Himbeerbl\u00e4tter<\/p>","protected":false},"excerpt":{"rendered":"<p>Lass die entf\u00fchren in die Welt der milden Rose, mit Gei\u00dfkraut, Apfel und Himbeerbl\u00e4tter<\/p>","protected":false},"featured_media":9543,"comment_status":"open","ping_status":"closed","template":"","meta":{"_et_pb_use_builder":"","_et_pb_old_content":"","_et_gb_content_width":""},"product_brand":[],"product_cat":[47,43,48],"product_tag":[53,67,65,49],"class_list":{"0":"post-7734","1":"product","2":"type-product","3":"status-publish","4":"has-post-thumbnail","6":"product_cat-geniessen","7":"product_cat-naturwaren","8":"product_cat-vegan","9":"product_tag-kraeuter","10":"product_tag-rose","11":"product_tag-tee","12":"product_tag-vegan","14":"first","15":"instock","16":"taxable","17":"shipping-taxable","18":"purchasable","19":"product-type-simple"},"_links":{"self":[{"href":"https:\/\/somo-naturwaren.com\/en\/wp-json\/wp\/v2\/product\/7734","targetHints":{"allow":["GET"]}}],"collection":[{"href":"https:\/\/somo-naturwaren.com\/en\/wp-json\/wp\/v2\/product"}],"about":[{"href":"https:\/\/somo-naturwaren.com\/en\/wp-json\/wp\/v2\/types\/product"}],"replies":[{"embeddable":true,"href":"https:\/\/somo-naturwaren.com\/en\/wp-json\/wp\/v2\/comments?post=7734"}],"wp:featuredmedia":[{"embeddable":true,"href":"https:\/\/somo-naturwaren.com\/en\/wp-json\/wp\/v2\/media\/9543"}],"wp:attachment":[{"href":"https:\/\/somo-naturwaren.com\/en\/wp-json\/wp\/v2\/media?parent=7734"}],"wp:term":[{"taxonomy":"product_brand","embeddable":true,"href":"https:\/\/somo-naturwaren.com\/en\/wp-json\/wp\/v2\/product_brand?post=7734"},{"taxonomy":"product_cat","embeddable":true,"href":"https:\/\/somo-naturwaren.com\/en\/wp-json\/wp\/v2\/product_cat?post=7734"},{"taxonomy":"product_tag","embeddable":true,"href":"https:\/\/somo-naturwaren.com\/en\/wp-json\/wp\/v2\/product_tag?post=7734"}],"curies":[{"name":"wp","href":"https:\/\/api.w.org\/{rel}","templated":true}]}}