{"id":7742,"date":"2021-12-03T19:29:49","date_gmt":"2021-12-03T18:29:49","guid":{"rendered":"https:\/\/somo-naturwaren.com\/?post_type=product&#038;p=7742"},"modified":"2025-08-30T08:56:10","modified_gmt":"2025-08-30T06:56:10","slug":"koerperoel-ringelblume-100ml","status":"publish","type":"product","link":"https:\/\/somo-naturwaren.com\/en\/product\/koerperoel-ringelblume-100ml\/","title":{"rendered":"Bio K\u00f6rper Pflege \u00d6l Vielfalt 100ml"},"content":{"rendered":"<p>NatUrhof Garten Pflege\u00f6le sind reine, intensive Kr\u00e4uter, Fr\u00fcchte und Bl\u00fcten Auszugs\u00f6le ohne k\u00fcnstliche Zusatzstoffe. Diese wachsen zur G\u00e4nze im NatUrhof Garten S\u00fcdburgenland, werden liebevoll von Hand geerntet und weiterverarbeitet.<\/p>\n<p>K\u00f6rperpflege \u00d6l Vielfalt ist eine Mischung aus hochwertigen \u00d6lausz\u00fcgen. Sch\u00fctzt, Pflegt, Entspannt unterst\u00fctzt die Elastizit\u00e4t, f\u00fcr ein samtig weiches Gef\u00fchl.<\/p>","protected":false},"excerpt":{"rendered":"<p>NatUrhof Garten Pflege\u00f6le sind reine, intensive Kr\u00e4uter, Fr\u00fcchte und Bl\u00fcten Auszugs\u00f6le ohne k\u00fcnstliche Zusatzstoffe. Diese wachsen zur G\u00e4nze im NatUrhof Garten S\u00fcdburgenland, werden liebevoll von Hand geerntet und weiterverarbeitet. K\u00f6rperpflege [&hellip;]<\/p>","protected":false},"featured_media":9508,"comment_status":"open","ping_status":"closed","template":"","meta":{"_et_pb_use_builder":"","_et_pb_old_content":"","_et_gb_content_width":""},"product_brand":[],"product_cat":[46,43,45,90,81,48],"product_tag":[53,68,60,49],"class_list":{"0":"post-7742","1":"product","2":"type-product","3":"status-publish","4":"has-post-thumbnail","6":"product_cat-koerperpflege","7":"product_cat-naturwaren","8":"product_cat-oele","9":"product_cat-ringelblume","10":"product_cat-unkategorisiert","11":"product_cat-vegan","12":"product_tag-kraeuter","13":"product_tag-oel","14":"product_tag-ringelblume","15":"product_tag-vegan","17":"first","18":"instock","19":"taxable","20":"shipping-taxable","21":"purchasable","22":"product-type-simple"},"_links":{"self":[{"href":"https:\/\/somo-naturwaren.com\/en\/wp-json\/wp\/v2\/product\/7742","targetHints":{"allow":["GET"]}}],"collection":[{"href":"https:\/\/somo-naturwaren.com\/en\/wp-json\/wp\/v2\/product"}],"about":[{"href":"https:\/\/somo-naturwaren.com\/en\/wp-json\/wp\/v2\/types\/product"}],"replies":[{"embeddable":true,"href":"https:\/\/somo-naturwaren.com\/en\/wp-json\/wp\/v2\/comments?post=7742"}],"wp:featuredmedia":[{"embeddable":true,"href":"https:\/\/somo-naturwaren.com\/en\/wp-json\/wp\/v2\/media\/9508"}],"wp:attachment":[{"href":"https:\/\/somo-naturwaren.com\/en\/wp-json\/wp\/v2\/media?parent=7742"}],"wp:term":[{"taxonomy":"product_brand","embeddable":true,"href":"https:\/\/somo-naturwaren.com\/en\/wp-json\/wp\/v2\/product_brand?post=7742"},{"taxonomy":"product_cat","embeddable":true,"href":"https:\/\/somo-naturwaren.com\/en\/wp-json\/wp\/v2\/product_cat?post=7742"},{"taxonomy":"product_tag","embeddable":true,"href":"https:\/\/somo-naturwaren.com\/en\/wp-json\/wp\/v2\/product_tag?post=7742"}],"curies":[{"name":"wp","href":"https:\/\/api.w.org\/{rel}","templated":true}]}}