{"id":7754,"date":"2021-12-03T20:01:21","date_gmt":"2021-12-03T19:01:21","guid":{"rendered":"https:\/\/somo-naturwaren.com\/?post_type=product&#038;p=7754"},"modified":"2025-08-09T08:57:00","modified_gmt":"2025-08-09T06:57:00","slug":"badezusatz-rose-250g","status":"publish","type":"product","link":"https:\/\/somo-naturwaren.com\/en\/product\/badezusatz-rose-250g\/","title":{"rendered":"Badezusatz Lavendel 250ml"},"content":{"rendered":"<p>Genie\u00dfe mit dem krautig-beruhigenden Duft des Lavendel Badezusatz ein entspannendes Voll- oder n\u00e4hrendes Fu\u00dfbad. Eine wahre Wohltat und Erholung f\u00fcr deinen K\u00f6rper, Beine und F\u00fc\u00dfe. F\u00fcr deine t\u00e4gliche Anwendung, eine Kappe des Badezusatzes ins Badewasser geben und aufl\u00f6sen.<\/p>","protected":false},"excerpt":{"rendered":"<p>Genie\u00dfe mit dem krautig-beruhigenden Duft des Lavendel Badezusatz ein entspannendes Voll- oder n\u00e4hrendes Fu\u00dfbad. Eine wahre Wohltat und Erholung f\u00fcr deinen K\u00f6rper, Beine und F\u00fc\u00dfe. F\u00fcr deine t\u00e4gliche Anwendung, eine [&hellip;]<\/p>","protected":false},"featured_media":9506,"comment_status":"open","ping_status":"closed","template":"","meta":{"_et_pb_use_builder":"","_et_pb_old_content":"","_et_gb_content_width":""},"product_brand":[],"product_cat":[46,43,48],"product_tag":[73,53,71,67,76,49],"class_list":{"0":"post-7754","1":"product","2":"type-product","3":"status-publish","4":"has-post-thumbnail","6":"product_cat-koerperpflege","7":"product_cat-naturwaren","8":"product_cat-vegan","9":"product_tag-bad","10":"product_tag-kraeuter","11":"product_tag-magnesium","12":"product_tag-rose","13":"product_tag-salz","14":"product_tag-vegan","16":"first","17":"instock","18":"taxable","19":"shipping-taxable","20":"purchasable","21":"product-type-simple"},"_links":{"self":[{"href":"https:\/\/somo-naturwaren.com\/en\/wp-json\/wp\/v2\/product\/7754","targetHints":{"allow":["GET"]}}],"collection":[{"href":"https:\/\/somo-naturwaren.com\/en\/wp-json\/wp\/v2\/product"}],"about":[{"href":"https:\/\/somo-naturwaren.com\/en\/wp-json\/wp\/v2\/types\/product"}],"replies":[{"embeddable":true,"href":"https:\/\/somo-naturwaren.com\/en\/wp-json\/wp\/v2\/comments?post=7754"}],"wp:featuredmedia":[{"embeddable":true,"href":"https:\/\/somo-naturwaren.com\/en\/wp-json\/wp\/v2\/media\/9506"}],"wp:attachment":[{"href":"https:\/\/somo-naturwaren.com\/en\/wp-json\/wp\/v2\/media?parent=7754"}],"wp:term":[{"taxonomy":"product_brand","embeddable":true,"href":"https:\/\/somo-naturwaren.com\/en\/wp-json\/wp\/v2\/product_brand?post=7754"},{"taxonomy":"product_cat","embeddable":true,"href":"https:\/\/somo-naturwaren.com\/en\/wp-json\/wp\/v2\/product_cat?post=7754"},{"taxonomy":"product_tag","embeddable":true,"href":"https:\/\/somo-naturwaren.com\/en\/wp-json\/wp\/v2\/product_tag?post=7754"}],"curies":[{"name":"wp","href":"https:\/\/api.w.org\/{rel}","templated":true}]}}