{"id":7803,"date":"2021-12-10T09:21:11","date_gmt":"2021-12-10T08:21:11","guid":{"rendered":"https:\/\/somo-naturwaren.com\/?post_type=product&#038;p=7803"},"modified":"2025-08-09T11:48:36","modified_gmt":"2025-08-09T09:48:36","slug":"koerperbutter-200ml","status":"publish","type":"product","link":"https:\/\/somo-naturwaren.com\/en\/product\/koerperbutter-200ml\/","title":{"rendered":"Bio Ringelblumen K\u00f6rperpflege Butter 250ml"},"content":{"rendered":"<p>Ringelblumen K\u00f6rperpflege Butter duftet beerig-fruchtig mit seinen gehaltvollen Inhaltsstoffen wie Ringelblumen Pflege \u00d6l Extrakt, Sheabutter, Kakaobutter und Jasminwachs, spendet es deiner Haut Feuchtigkeit, ist sch\u00fctzend und regeneriert. Sorgt f\u00fcr ein samtig weiches Hautgef\u00fchl. F\u00fcr deine t\u00e4gliche Anwendung, nach dem Duschen oder Baden auf deinen K\u00f6rper auftragen.<\/p>","protected":false},"excerpt":{"rendered":"<p>Ringelblumen K\u00f6rperpflege Butter duftet beerig-fruchtig mit seinen gehaltvollen Inhaltsstoffen wie Ringelblumen Pflege \u00d6l Extrakt, Sheabutter, Kakaobutter und Jasminwachs, spendet es deiner Haut Feuchtigkeit, ist sch\u00fctzend und regeneriert. Sorgt f\u00fcr ein [&hellip;]<\/p>","protected":false},"featured_media":9492,"comment_status":"open","ping_status":"closed","template":"","meta":{"_et_pb_use_builder":"","_et_pb_old_content":"","_et_gb_content_width":""},"product_brand":[],"product_cat":[15,46,43,32,48],"product_tag":[],"class_list":{"0":"post-7803","1":"product","2":"type-product","3":"status-publish","4":"has-post-thumbnail","6":"product_cat-alle","7":"product_cat-koerperpflege","8":"product_cat-naturwaren","9":"product_cat-neuheiten","10":"product_cat-vegan","12":"first","13":"instock","14":"taxable","15":"shipping-taxable","16":"purchasable","17":"product-type-simple"},"_links":{"self":[{"href":"https:\/\/somo-naturwaren.com\/en\/wp-json\/wp\/v2\/product\/7803","targetHints":{"allow":["GET"]}}],"collection":[{"href":"https:\/\/somo-naturwaren.com\/en\/wp-json\/wp\/v2\/product"}],"about":[{"href":"https:\/\/somo-naturwaren.com\/en\/wp-json\/wp\/v2\/types\/product"}],"replies":[{"embeddable":true,"href":"https:\/\/somo-naturwaren.com\/en\/wp-json\/wp\/v2\/comments?post=7803"}],"wp:featuredmedia":[{"embeddable":true,"href":"https:\/\/somo-naturwaren.com\/en\/wp-json\/wp\/v2\/media\/9492"}],"wp:attachment":[{"href":"https:\/\/somo-naturwaren.com\/en\/wp-json\/wp\/v2\/media?parent=7803"}],"wp:term":[{"taxonomy":"product_brand","embeddable":true,"href":"https:\/\/somo-naturwaren.com\/en\/wp-json\/wp\/v2\/product_brand?post=7803"},{"taxonomy":"product_cat","embeddable":true,"href":"https:\/\/somo-naturwaren.com\/en\/wp-json\/wp\/v2\/product_cat?post=7803"},{"taxonomy":"product_tag","embeddable":true,"href":"https:\/\/somo-naturwaren.com\/en\/wp-json\/wp\/v2\/product_tag?post=7803"}],"curies":[{"name":"wp","href":"https:\/\/api.w.org\/{rel}","templated":true}]}}