{"id":7807,"date":"2021-12-10T09:25:40","date_gmt":"2021-12-10T08:25:40","guid":{"rendered":"https:\/\/somo-naturwaren.com\/?post_type=product&#038;p=7807"},"modified":"2025-08-09T08:08:50","modified_gmt":"2025-08-09T06:08:50","slug":"sonnenpflege","status":"publish","type":"product","link":"https:\/\/somo-naturwaren.com\/en\/product\/sonnenpflege\/","title":{"rendered":"Bio Ringelblumen-Kokos Sonnenplegemilch 200ml"},"content":{"rendered":"<p>Ringelblumen Kokos Sonnenpflege Milch, ist reich an Ringelblumen Pflege \u00d6l Extrakt, Kokos\u00f6l, Sheabutter, Jojoba\u00f6l und \u00e4therischen \u00d6len. Sie besitzen einen \u00a0nat\u00fcrlichen Lichtschutzfaktor, spenden deiner Haut Feuchtigkeit und Pflege, wirken unterst\u00fctzend f\u00fcr die Regeneration. Du kannst sie vor dem Sonnen und w\u00e4hrenddessen anwenden. Aufgrund der \u00e4therischen \u00d6le und dem Kokos\u00f6l kann es auch zur leichten Zecken und Gelsen Abwehr aufgetragen werden.<\/p>","protected":false},"excerpt":{"rendered":"<p>Ringelblumen Kokos Sonnenpflege Milch, ist reich an Ringelblumen Pflege \u00d6l Extrakt, Kokos\u00f6l, Sheabutter, Jojoba\u00f6l und \u00e4therischen \u00d6len. Sie besitzen einen \u00a0nat\u00fcrlichen Lichtschutzfaktor, spenden deiner Haut Feuchtigkeit und Pflege, wirken unterst\u00fctzend [&hellip;]<\/p>","protected":false},"featured_media":9496,"comment_status":"open","ping_status":"closed","template":"","meta":{"_et_pb_use_builder":"","_et_pb_old_content":"","_et_gb_content_width":""},"product_brand":[],"product_cat":[15,46,48],"product_tag":[],"class_list":{"0":"post-7807","1":"product","2":"type-product","3":"status-publish","4":"has-post-thumbnail","6":"product_cat-alle","7":"product_cat-koerperpflege","8":"product_cat-vegan","10":"first","11":"instock","12":"taxable","13":"shipping-taxable","14":"purchasable","15":"product-type-simple"},"_links":{"self":[{"href":"https:\/\/somo-naturwaren.com\/en\/wp-json\/wp\/v2\/product\/7807","targetHints":{"allow":["GET"]}}],"collection":[{"href":"https:\/\/somo-naturwaren.com\/en\/wp-json\/wp\/v2\/product"}],"about":[{"href":"https:\/\/somo-naturwaren.com\/en\/wp-json\/wp\/v2\/types\/product"}],"replies":[{"embeddable":true,"href":"https:\/\/somo-naturwaren.com\/en\/wp-json\/wp\/v2\/comments?post=7807"}],"wp:featuredmedia":[{"embeddable":true,"href":"https:\/\/somo-naturwaren.com\/en\/wp-json\/wp\/v2\/media\/9496"}],"wp:attachment":[{"href":"https:\/\/somo-naturwaren.com\/en\/wp-json\/wp\/v2\/media?parent=7807"}],"wp:term":[{"taxonomy":"product_brand","embeddable":true,"href":"https:\/\/somo-naturwaren.com\/en\/wp-json\/wp\/v2\/product_brand?post=7807"},{"taxonomy":"product_cat","embeddable":true,"href":"https:\/\/somo-naturwaren.com\/en\/wp-json\/wp\/v2\/product_cat?post=7807"},{"taxonomy":"product_tag","embeddable":true,"href":"https:\/\/somo-naturwaren.com\/en\/wp-json\/wp\/v2\/product_tag?post=7807"}],"curies":[{"name":"wp","href":"https:\/\/api.w.org\/{rel}","templated":true}]}}