{"id":8392,"date":"2022-07-19T10:36:54","date_gmt":"2022-07-19T08:36:54","guid":{"rendered":"https:\/\/somo-naturwaren.com\/?post_type=product&#038;p=8392"},"modified":"2025-08-30T08:19:10","modified_gmt":"2025-08-30T06:19:10","slug":"koerper-peeling-200ml","status":"publish","type":"product","link":"https:\/\/somo-naturwaren.com\/en\/product\/koerper-peeling-200ml\/","title":{"rendered":"Bio Ringelblumen K\u00f6rperpflege Peeling 250ml"},"content":{"rendered":"<p>Ringelblumen K\u00f6rperpflege Peeling riecht s\u00fc\u00dflich-frisch ist tief reinigend, gleichzeitig pflegend und erfrischend. Es versorgt deine Haut mit reichhaltigen Inhaltsstoffen der Ringelblumen, Kokos\u00f6l und Salzen.\u00a0 Das \u00e4therische BIO Minz\u00f6l sorgt f\u00fcr den frische Kick! F\u00fcr deine t\u00e4gliche Anwendung, w\u00e4hrend dem Duschen oder Baden auf den K\u00f6rper einreiben (Gesicht aussparen!), danach gr\u00fcndlich absp\u00fclen. F\u00fcr reine streichel-zarte Haut, ohne extra einzucremen.<\/p>","protected":false},"excerpt":{"rendered":"<p>Ringelblumen K\u00f6rperpflege Peeling riecht s\u00fc\u00dflich-frisch ist tief reinigend, gleichzeitig pflegend und erfrischend. Es versorgt deine Haut mit reichhaltigen Inhaltsstoffen der Ringelblumen, Kokos\u00f6l und Salzen.\u00a0 Das \u00e4therische BIO Minz\u00f6l sorgt f\u00fcr [&hellip;]<\/p>","protected":false},"featured_media":9503,"comment_status":"open","ping_status":"closed","template":"","meta":{"_et_pb_use_builder":"","_et_pb_old_content":"","_et_gb_content_width":""},"product_brand":[],"product_cat":[46,43,45,90,48],"product_tag":[],"class_list":{"0":"post-8392","1":"product","2":"type-product","3":"status-publish","4":"has-post-thumbnail","6":"product_cat-koerperpflege","7":"product_cat-naturwaren","8":"product_cat-oele","9":"product_cat-ringelblume","10":"product_cat-vegan","12":"first","13":"instock","14":"taxable","15":"shipping-taxable","16":"purchasable","17":"product-type-simple"},"_links":{"self":[{"href":"https:\/\/somo-naturwaren.com\/en\/wp-json\/wp\/v2\/product\/8392","targetHints":{"allow":["GET"]}}],"collection":[{"href":"https:\/\/somo-naturwaren.com\/en\/wp-json\/wp\/v2\/product"}],"about":[{"href":"https:\/\/somo-naturwaren.com\/en\/wp-json\/wp\/v2\/types\/product"}],"replies":[{"embeddable":true,"href":"https:\/\/somo-naturwaren.com\/en\/wp-json\/wp\/v2\/comments?post=8392"}],"wp:featuredmedia":[{"embeddable":true,"href":"https:\/\/somo-naturwaren.com\/en\/wp-json\/wp\/v2\/media\/9503"}],"wp:attachment":[{"href":"https:\/\/somo-naturwaren.com\/en\/wp-json\/wp\/v2\/media?parent=8392"}],"wp:term":[{"taxonomy":"product_brand","embeddable":true,"href":"https:\/\/somo-naturwaren.com\/en\/wp-json\/wp\/v2\/product_brand?post=8392"},{"taxonomy":"product_cat","embeddable":true,"href":"https:\/\/somo-naturwaren.com\/en\/wp-json\/wp\/v2\/product_cat?post=8392"},{"taxonomy":"product_tag","embeddable":true,"href":"https:\/\/somo-naturwaren.com\/en\/wp-json\/wp\/v2\/product_tag?post=8392"}],"curies":[{"name":"wp","href":"https:\/\/api.w.org\/{rel}","templated":true}]}}