{"id":9049,"date":"2024-08-30T13:45:47","date_gmt":"2024-08-30T11:45:47","guid":{"rendered":"https:\/\/somo-naturwaren.com\/?post_type=product&#038;p=9049"},"modified":"2025-08-09T11:34:04","modified_gmt":"2025-08-09T09:34:04","slug":"heilmoorseife-mit-maedesuess-95g-2","status":"publish","type":"product","link":"https:\/\/somo-naturwaren.com\/en\/product\/heilmoorseife-mit-maedesuess-95g-2\/","title":{"rendered":"Bio Heilmoorseife mit M\u00e4des\u00fc\u00df 95g"},"content":{"rendered":"<p>Heilmoorseife mit M\u00e4des\u00fc\u00df Pflege \u00d6l Extrakt ist tief reinigend, intensiv pflegend und straffend. Genie\u00dfe den erdig, zarten vanilleartigen Duft der Wiesenk\u00f6nigin in Verbindung mit Heilmoor, Kakaobutter, Rizinus\u00f6l und Kokos\u00f6l. F\u00fcr alle Hauttypen geeignet! Milde Pflege ohne Zus\u00e4tze von \u00e4therischen \u00d6len! F\u00fcr deine t\u00e4glich Reinigung von Haaren, Gesicht und K\u00f6rper.<\/p>\n<p>Besuche auch du das Rohrer Moor im S\u00fcdburgenland! N\u00e4heres findest du hier www.lust-auf-moor.at<\/p>\n<p>&nbsp;<\/p>","protected":false},"excerpt":{"rendered":"<p>Strafft und vitalisiert deine Haut!<\/p>\n<p>Sp\u00fcr Natur pur&#8230;mit Heilmoor und M\u00e4des\u00fc\u00df<\/p>\n<p><strong>Mit dem Kauf unserer Heilmoorseife hilfst du aktiv mit, eine bedeutende Moorlandschaft- das Rohrer Moor www.lust-auf-moor.at &#8211; zu renaturieren und zu sch\u00fctzen!<\/strong><\/p>","protected":false},"featured_media":9495,"comment_status":"open","ping_status":"closed","template":"","meta":{"_et_pb_use_builder":"","_et_pb_old_content":"","_et_gb_content_width":""},"product_brand":[],"product_cat":[46,85,81],"product_tag":[],"class_list":{"0":"post-9049","1":"product","2":"type-product","3":"status-publish","4":"has-post-thumbnail","6":"product_cat-koerperpflege","7":"product_cat-seife","8":"product_cat-unkategorisiert","10":"first","11":"instock","12":"taxable","13":"shipping-taxable","14":"purchasable","15":"product-type-simple"},"_links":{"self":[{"href":"https:\/\/somo-naturwaren.com\/en\/wp-json\/wp\/v2\/product\/9049","targetHints":{"allow":["GET"]}}],"collection":[{"href":"https:\/\/somo-naturwaren.com\/en\/wp-json\/wp\/v2\/product"}],"about":[{"href":"https:\/\/somo-naturwaren.com\/en\/wp-json\/wp\/v2\/types\/product"}],"replies":[{"embeddable":true,"href":"https:\/\/somo-naturwaren.com\/en\/wp-json\/wp\/v2\/comments?post=9049"}],"wp:featuredmedia":[{"embeddable":true,"href":"https:\/\/somo-naturwaren.com\/en\/wp-json\/wp\/v2\/media\/9495"}],"wp:attachment":[{"href":"https:\/\/somo-naturwaren.com\/en\/wp-json\/wp\/v2\/media?parent=9049"}],"wp:term":[{"taxonomy":"product_brand","embeddable":true,"href":"https:\/\/somo-naturwaren.com\/en\/wp-json\/wp\/v2\/product_brand?post=9049"},{"taxonomy":"product_cat","embeddable":true,"href":"https:\/\/somo-naturwaren.com\/en\/wp-json\/wp\/v2\/product_cat?post=9049"},{"taxonomy":"product_tag","embeddable":true,"href":"https:\/\/somo-naturwaren.com\/en\/wp-json\/wp\/v2\/product_tag?post=9049"}],"curies":[{"name":"wp","href":"https:\/\/api.w.org\/{rel}","templated":true}]}}