{"id":9050,"date":"2024-08-30T13:58:22","date_gmt":"2024-08-30T11:58:22","guid":{"rendered":"https:\/\/somo-naturwaren.com\/?post_type=product&#038;p=9050"},"modified":"2025-08-30T09:29:00","modified_gmt":"2025-08-30T07:29:00","slug":"wiesenglueck-mit-heilmoor-30g","status":"publish","type":"product","link":"https:\/\/somo-naturwaren.com\/en\/product\/wiesenglueck-mit-heilmoor-30g\/","title":{"rendered":"Moorwiesengl\u00fcck Aufguss 30g"},"content":{"rendered":"<p>Sp\u00fcr Natur pur&#8230;mit Wildkr\u00e4utern aus den Moorwiesen im Rohrer Moor S\u00fcdburgenland<\/p>\n<p>Genie\u00dfe den lieblich-s\u00fc\u00dflichen Geschmack von M\u00e4des\u00fc\u00df zusammen mit Schafgarbe und Brennnessel (Heilpflanze des Jahres 2022), sowie Kratzbeerbl\u00e4tter (Verwandte der Brombeere an Gew\u00e4ssern)<\/p>\n<p>Erlebe auch du die wundervolle Moorlandschaft wir begleiten dich www.lust-auf-moor.at<\/p>","protected":false},"excerpt":{"rendered":"<p>Hol dir die Kraft von Moorberts Tee Geheimnis &#8222;Wiesengl\u00fcck&#8220; mit Heilmoor 30g<\/p>\n<p><strong>Mit dem Kauf des Wiesengl\u00fcck mit Heilmoor unterst\u00fctzt du die Erhaltung der bedeutenden Moorlandschaft in Rohr im S\u00fcdburgenland!<\/strong><\/p>\n<p><strong>www.lust-auf-moor.at<\/strong><\/p>","protected":false},"featured_media":9051,"comment_status":"open","ping_status":"closed","template":"","meta":{"_et_pb_use_builder":"","_et_pb_old_content":"","_et_gb_content_width":""},"product_brand":[],"product_cat":[43,32,84,81,48],"product_tag":[],"class_list":{"0":"post-9050","1":"product","2":"type-product","3":"status-publish","4":"has-post-thumbnail","6":"product_cat-naturwaren","7":"product_cat-neuheiten","8":"product_cat-tees","9":"product_cat-unkategorisiert","10":"product_cat-vegan","12":"first","13":"instock","14":"taxable","15":"shipping-taxable","16":"purchasable","17":"product-type-simple"},"_links":{"self":[{"href":"https:\/\/somo-naturwaren.com\/en\/wp-json\/wp\/v2\/product\/9050","targetHints":{"allow":["GET"]}}],"collection":[{"href":"https:\/\/somo-naturwaren.com\/en\/wp-json\/wp\/v2\/product"}],"about":[{"href":"https:\/\/somo-naturwaren.com\/en\/wp-json\/wp\/v2\/types\/product"}],"replies":[{"embeddable":true,"href":"https:\/\/somo-naturwaren.com\/en\/wp-json\/wp\/v2\/comments?post=9050"}],"wp:featuredmedia":[{"embeddable":true,"href":"https:\/\/somo-naturwaren.com\/en\/wp-json\/wp\/v2\/media\/9051"}],"wp:attachment":[{"href":"https:\/\/somo-naturwaren.com\/en\/wp-json\/wp\/v2\/media?parent=9050"}],"wp:term":[{"taxonomy":"product_brand","embeddable":true,"href":"https:\/\/somo-naturwaren.com\/en\/wp-json\/wp\/v2\/product_brand?post=9050"},{"taxonomy":"product_cat","embeddable":true,"href":"https:\/\/somo-naturwaren.com\/en\/wp-json\/wp\/v2\/product_cat?post=9050"},{"taxonomy":"product_tag","embeddable":true,"href":"https:\/\/somo-naturwaren.com\/en\/wp-json\/wp\/v2\/product_tag?post=9050"}],"curies":[{"name":"wp","href":"https:\/\/api.w.org\/{rel}","templated":true}]}}