{"id":9055,"date":"2024-08-30T17:04:07","date_gmt":"2024-08-30T15:04:07","guid":{"rendered":"https:\/\/somo-naturwaren.com\/?post_type=product&#038;p=9055"},"modified":"2025-08-30T09:17:07","modified_gmt":"2025-08-30T07:17:07","slug":"ringelblumen-pflege-oel-extrakt-100ml","status":"publish","type":"product","link":"https:\/\/somo-naturwaren.com\/en\/product\/ringelblumen-pflege-oel-extrakt-100ml\/","title":{"rendered":"Bio Ringelblumen Pflege \u00d6l Extrakt 100ml"},"content":{"rendered":"<p>Im kraftvoll gelb-orange leuchtenden Ringelblumen Pflege \u00d6l, sind alle besonderen Inhaltsstoffe der Ringelblume in Bio Oliven\u00f6l extrahiert. Es versorgt deine Haut in Gesicht und K\u00f6rper mit Feuchtigkeit, sch\u00fctzt, lindert und regeneriert deine, von Sonne und Umwelteinfl\u00fcssen beanspruchten Hautstellen. Versuch das Ringelblumen Pflege \u00d6l Extrakt auch als wohlschmeckende Beigabe f\u00fcr Salate und Dressings.<\/p>\n<p>F\u00fcr deine t\u00e4gliche Anwendung, nach dem Duschen oder Baden auf deine noch feuchten K\u00f6rperstellen und Haarspitzen einmassieren. 250ml Milch mit 10ml Ringelblumen Pflege \u00d6l Extrakt dein Badewasser verfeinern, danach mit dem Handtuch abtupfen. Es wird zur Pflege von Haar, Gesicht und K\u00f6rper eingesetzt. Besonders wertvoll zur Anwendung als Massage\u00f6l.<\/p>\n<p>So mild, dass es auch f\u00fcr die zarte Baby Haut geeignet ist!<\/p>","protected":false},"excerpt":{"rendered":"<p>Mild, feuchtigkeitsspendend und regenerierend<\/p>\n<p>Sp\u00fcr Natur pur&#8230;mit Ringelblumenbl\u00fcten in BIO Oliven\u00f6l extrahiert!<\/p>\n<p><strong>Wir unterst\u00fctzen unseren Freund Chrysosthenis und seine Familie, sowie andere Kleinbauern aus Lesbos und kaufen dort das BIO fruchtige native Oliven \u00d6l bester Qualit\u00e4t &#8211;\u00a0 EOLIDA.<\/strong><\/p>","protected":false},"featured_media":9511,"comment_status":"open","ping_status":"closed","template":"","meta":{"_et_pb_use_builder":"","_et_pb_old_content":"","_et_gb_content_width":""},"product_brand":[],"product_cat":[21,46,43,45,81,48],"product_tag":[],"class_list":{"0":"post-9055","1":"product","2":"type-product","3":"status-publish","4":"has-post-thumbnail","6":"product_cat-kinder","7":"product_cat-koerperpflege","8":"product_cat-naturwaren","9":"product_cat-oele","10":"product_cat-unkategorisiert","11":"product_cat-vegan","13":"first","14":"instock","15":"taxable","16":"shipping-taxable","17":"purchasable","18":"product-type-simple"},"_links":{"self":[{"href":"https:\/\/somo-naturwaren.com\/en\/wp-json\/wp\/v2\/product\/9055","targetHints":{"allow":["GET"]}}],"collection":[{"href":"https:\/\/somo-naturwaren.com\/en\/wp-json\/wp\/v2\/product"}],"about":[{"href":"https:\/\/somo-naturwaren.com\/en\/wp-json\/wp\/v2\/types\/product"}],"replies":[{"embeddable":true,"href":"https:\/\/somo-naturwaren.com\/en\/wp-json\/wp\/v2\/comments?post=9055"}],"wp:featuredmedia":[{"embeddable":true,"href":"https:\/\/somo-naturwaren.com\/en\/wp-json\/wp\/v2\/media\/9511"}],"wp:attachment":[{"href":"https:\/\/somo-naturwaren.com\/en\/wp-json\/wp\/v2\/media?parent=9055"}],"wp:term":[{"taxonomy":"product_brand","embeddable":true,"href":"https:\/\/somo-naturwaren.com\/en\/wp-json\/wp\/v2\/product_brand?post=9055"},{"taxonomy":"product_cat","embeddable":true,"href":"https:\/\/somo-naturwaren.com\/en\/wp-json\/wp\/v2\/product_cat?post=9055"},{"taxonomy":"product_tag","embeddable":true,"href":"https:\/\/somo-naturwaren.com\/en\/wp-json\/wp\/v2\/product_tag?post=9055"}],"curies":[{"name":"wp","href":"https:\/\/api.w.org\/{rel}","templated":true}]}}