{"id":9070,"date":"2024-09-02T11:33:14","date_gmt":"2024-09-02T09:33:14","guid":{"rendered":"https:\/\/somo-naturwaren.com\/?post_type=product&#038;p=9070"},"modified":"2025-08-09T08:11:37","modified_gmt":"2025-08-09T06:11:37","slug":"ringel-biene-lippenpflege-7g","status":"publish","type":"product","link":"https:\/\/somo-naturwaren.com\/en\/product\/ringel-biene-lippenpflege-7g\/","title":{"rendered":"Bio Ringel Biene Lippenpflege 7g"},"content":{"rendered":"<p>Ringel Biene Lippenpflege versorgt die Lippen optimal mit ausgew\u00e4hlten Inhaltsstoffen wie Ringelblumen \u00d6l Extrakt, Bienenwachs und Jasminwachs zur Unterst\u00fctzung der Feuchtigkeit und Schutz vor Umwelteinfl\u00fcssen. F\u00fcr ein weiches Gef\u00fchl auf deiner Haut. Zur t\u00e4glichen Anwendung, je nach Bedarf auf deine Lippen auftragen.<\/p>","protected":false},"excerpt":{"rendered":"<p>Ringel Biene Lippenpflege versorgt die Lippen optimal mit ausgew\u00e4hlten Inhaltsstoffen wie Ringelblumen \u00d6l Extrakt, Bienenwachs und Jasminwachs zur Unterst\u00fctzung der Feuchtigkeit und Schutz vor Umwelteinfl\u00fcssen. F\u00fcr ein weiches Gef\u00fchl auf [&hellip;]<\/p>","protected":false},"featured_media":9497,"comment_status":"open","ping_status":"closed","template":"","meta":{"_et_pb_use_builder":"","_et_pb_old_content":"","_et_gb_content_width":""},"product_brand":[],"product_cat":[86,43,81],"product_tag":[],"class_list":{"0":"post-9070","1":"product","2":"type-product","3":"status-publish","4":"has-post-thumbnail","6":"product_cat-lippenpflege","7":"product_cat-naturwaren","8":"product_cat-unkategorisiert","10":"first","11":"instock","12":"taxable","13":"shipping-taxable","14":"purchasable","15":"product-type-simple"},"_links":{"self":[{"href":"https:\/\/somo-naturwaren.com\/en\/wp-json\/wp\/v2\/product\/9070","targetHints":{"allow":["GET"]}}],"collection":[{"href":"https:\/\/somo-naturwaren.com\/en\/wp-json\/wp\/v2\/product"}],"about":[{"href":"https:\/\/somo-naturwaren.com\/en\/wp-json\/wp\/v2\/types\/product"}],"replies":[{"embeddable":true,"href":"https:\/\/somo-naturwaren.com\/en\/wp-json\/wp\/v2\/comments?post=9070"}],"wp:featuredmedia":[{"embeddable":true,"href":"https:\/\/somo-naturwaren.com\/en\/wp-json\/wp\/v2\/media\/9497"}],"wp:attachment":[{"href":"https:\/\/somo-naturwaren.com\/en\/wp-json\/wp\/v2\/media?parent=9070"}],"wp:term":[{"taxonomy":"product_brand","embeddable":true,"href":"https:\/\/somo-naturwaren.com\/en\/wp-json\/wp\/v2\/product_brand?post=9070"},{"taxonomy":"product_cat","embeddable":true,"href":"https:\/\/somo-naturwaren.com\/en\/wp-json\/wp\/v2\/product_cat?post=9070"},{"taxonomy":"product_tag","embeddable":true,"href":"https:\/\/somo-naturwaren.com\/en\/wp-json\/wp\/v2\/product_tag?post=9070"}],"curies":[{"name":"wp","href":"https:\/\/api.w.org\/{rel}","templated":true}]}}