{"id":9072,"date":"2024-09-02T11:37:07","date_gmt":"2024-09-02T09:37:07","guid":{"rendered":"https:\/\/somo-naturwaren.com\/?post_type=product&#038;p=9072"},"modified":"2025-12-01T23:00:03","modified_gmt":"2025-12-01T22:00:03","slug":"ringelblumen-kokos-badekugeln-270g","status":"publish","type":"product","link":"https:\/\/somo-naturwaren.com\/en\/product\/ringelblumen-kokos-badekugeln-270g\/","title":{"rendered":"Bio Ringelblumen Kokos Badekugeln 270g"},"content":{"rendered":"<p>Ringelblumen Kokos Badekugeln im Badewasser aufgel\u00f6st duften herrlich s\u00fc\u00dflich-blumig nach Kokos und Bergamotte. F\u00fcr dein feuchtigkeitsspendendes und pflegendes Badeerlebnis, danach nur noch mit dem Handtuch abtupfen, die wertvollen \u00d6le einziehen lassen.<\/p>","protected":false},"excerpt":{"rendered":"<p>1 Kugel je Vollbad.<\/p>\n<p>Inhalt 3 St\u00fcck.<\/p>","protected":false},"featured_media":9517,"comment_status":"open","ping_status":"closed","template":"","meta":{"_et_pb_use_builder":"","_et_pb_old_content":"","_et_gb_content_width":""},"product_brand":[],"product_cat":[21,46,43,90,48],"product_tag":[],"class_list":{"0":"post-9072","1":"product","2":"type-product","3":"status-publish","4":"has-post-thumbnail","6":"product_cat-kinder","7":"product_cat-koerperpflege","8":"product_cat-naturwaren","9":"product_cat-ringelblume","10":"product_cat-vegan","12":"first","13":"instock","14":"taxable","15":"shipping-taxable","16":"purchasable","17":"product-type-simple"},"_links":{"self":[{"href":"https:\/\/somo-naturwaren.com\/en\/wp-json\/wp\/v2\/product\/9072","targetHints":{"allow":["GET"]}}],"collection":[{"href":"https:\/\/somo-naturwaren.com\/en\/wp-json\/wp\/v2\/product"}],"about":[{"href":"https:\/\/somo-naturwaren.com\/en\/wp-json\/wp\/v2\/types\/product"}],"replies":[{"embeddable":true,"href":"https:\/\/somo-naturwaren.com\/en\/wp-json\/wp\/v2\/comments?post=9072"}],"wp:featuredmedia":[{"embeddable":true,"href":"https:\/\/somo-naturwaren.com\/en\/wp-json\/wp\/v2\/media\/9517"}],"wp:attachment":[{"href":"https:\/\/somo-naturwaren.com\/en\/wp-json\/wp\/v2\/media?parent=9072"}],"wp:term":[{"taxonomy":"product_brand","embeddable":true,"href":"https:\/\/somo-naturwaren.com\/en\/wp-json\/wp\/v2\/product_brand?post=9072"},{"taxonomy":"product_cat","embeddable":true,"href":"https:\/\/somo-naturwaren.com\/en\/wp-json\/wp\/v2\/product_cat?post=9072"},{"taxonomy":"product_tag","embeddable":true,"href":"https:\/\/somo-naturwaren.com\/en\/wp-json\/wp\/v2\/product_tag?post=9072"}],"curies":[{"name":"wp","href":"https:\/\/api.w.org\/{rel}","templated":true}]}}