{"id":9075,"date":"2024-09-02T13:39:11","date_gmt":"2024-09-02T11:39:11","guid":{"rendered":"https:\/\/somo-naturwaren.com\/?post_type=product&#038;p=9075"},"modified":"2025-08-09T08:01:49","modified_gmt":"2025-08-09T06:01:49","slug":"jasmin-koerperpflege-deospray-50ml","status":"publish","type":"product","link":"https:\/\/somo-naturwaren.com\/en\/product\/jasmin-koerperpflege-deospray-50ml\/","title":{"rendered":"Bio Jasmin K\u00f6rperpflege Deospray 50ml"},"content":{"rendered":"<p>F\u00fchl dich blumig-erfrischt mit dem Jasmin K\u00f6rperpfege Deospray. Natron neutralisiert Ger\u00fcche, Kamille und Rosskastanie wirken sanft beruhigend und pflegend f\u00fcr die Haut. Ringelblumenextrakt (Oxymel) wirkt regenerierend. \u00a0F\u00fcr die sanfte Beduftung und Pflege deiner empfindlichen Hautstellen. Zur t\u00e4glichen Anwendung.<\/p>","protected":false},"excerpt":{"rendered":"<p>F\u00fchl dich blumig-erfrischt mit dem Jasmin K\u00f6rperpfege Deospray. Natron neutralisiert Ger\u00fcche, Kamille und Rosskastanie wirken sanft beruhigend und pflegend f\u00fcr die Haut. Ringelblumenextrakt (Oxymel) wirkt regenerierend. \u00a0F\u00fcr die sanfte Beduftung [&hellip;]<\/p>","protected":false},"featured_media":9494,"comment_status":"open","ping_status":"closed","template":"","meta":{"_et_pb_use_builder":"","_et_pb_old_content":"","_et_gb_content_width":""},"product_brand":[],"product_cat":[87,46,43,48],"product_tag":[],"class_list":{"0":"post-9075","1":"product","2":"type-product","3":"status-publish","4":"has-post-thumbnail","6":"product_cat-deo","7":"product_cat-koerperpflege","8":"product_cat-naturwaren","9":"product_cat-vegan","11":"first","12":"instock","13":"taxable","14":"shipping-taxable","15":"purchasable","16":"product-type-simple"},"_links":{"self":[{"href":"https:\/\/somo-naturwaren.com\/en\/wp-json\/wp\/v2\/product\/9075","targetHints":{"allow":["GET"]}}],"collection":[{"href":"https:\/\/somo-naturwaren.com\/en\/wp-json\/wp\/v2\/product"}],"about":[{"href":"https:\/\/somo-naturwaren.com\/en\/wp-json\/wp\/v2\/types\/product"}],"replies":[{"embeddable":true,"href":"https:\/\/somo-naturwaren.com\/en\/wp-json\/wp\/v2\/comments?post=9075"}],"wp:featuredmedia":[{"embeddable":true,"href":"https:\/\/somo-naturwaren.com\/en\/wp-json\/wp\/v2\/media\/9494"}],"wp:attachment":[{"href":"https:\/\/somo-naturwaren.com\/en\/wp-json\/wp\/v2\/media?parent=9075"}],"wp:term":[{"taxonomy":"product_brand","embeddable":true,"href":"https:\/\/somo-naturwaren.com\/en\/wp-json\/wp\/v2\/product_brand?post=9075"},{"taxonomy":"product_cat","embeddable":true,"href":"https:\/\/somo-naturwaren.com\/en\/wp-json\/wp\/v2\/product_cat?post=9075"},{"taxonomy":"product_tag","embeddable":true,"href":"https:\/\/somo-naturwaren.com\/en\/wp-json\/wp\/v2\/product_tag?post=9075"}],"curies":[{"name":"wp","href":"https:\/\/api.w.org\/{rel}","templated":true}]}}