{"id":9077,"date":"2024-09-02T13:43:21","date_gmt":"2024-09-02T11:43:21","guid":{"rendered":"https:\/\/somo-naturwaren.com\/?post_type=product&#038;p=9077"},"modified":"2025-08-09T12:00:34","modified_gmt":"2025-08-09T10:00:34","slug":"bio-rosskastanien-rosenwasser-50ml","status":"publish","type":"product","link":"https:\/\/somo-naturwaren.com\/en\/product\/bio-rosskastanien-rosenwasser-50ml\/","title":{"rendered":"Bio Rosskastanien Rosenwasser 50ml"},"content":{"rendered":"<p>Das feuchtigkeitsspendende K\u00f6rperwasser bet\u00f6rt uns durch seinen erdig blumigen Duft, wirkt antioxidativ, beruhigend und erfrischend mit wertvollen Rohstoffen: die milde hypoallergene sanft reinigende Rosskastanie, Feuchtigkeit spendend und pflegende Rose, Melisse f\u00fcr Freude und Frische. Morgens und abends nach der Reinigung mit einem Wattebausch dein Gesicht abtupfen oder dein Gesicht bespr\u00fchen. Danach Creme oder \u00d6l auftragen. Auf einen feuchten Wattebausch gespr\u00fcht verwendest du es zu Abreinigung von dekorativer Kosmetik.<\/p>","protected":false},"excerpt":{"rendered":"<p>Das feuchtigkeitsspendende K\u00f6rperwasser bet\u00f6rt uns durch seinen erdig blumigen Duft, wirkt antioxidativ, beruhigend und erfrischend mit wertvollen Rohstoffen: die milde hypoallergene sanft reinigende Rosskastanie, Feuchtigkeit spendend und pflegende Rose, Melisse [&hellip;]<\/p>","protected":false},"featured_media":9516,"comment_status":"open","ping_status":"closed","template":"","meta":{"_et_pb_use_builder":"","_et_pb_old_content":"","_et_gb_content_width":""},"product_brand":[],"product_cat":[88,46,48],"product_tag":[],"class_list":{"0":"post-9077","1":"product","2":"type-product","3":"status-publish","4":"has-post-thumbnail","6":"product_cat-gesicht","7":"product_cat-koerperpflege","8":"product_cat-vegan","10":"first","11":"instock","12":"taxable","13":"shipping-taxable","14":"purchasable","15":"product-type-simple"},"_links":{"self":[{"href":"https:\/\/somo-naturwaren.com\/en\/wp-json\/wp\/v2\/product\/9077","targetHints":{"allow":["GET"]}}],"collection":[{"href":"https:\/\/somo-naturwaren.com\/en\/wp-json\/wp\/v2\/product"}],"about":[{"href":"https:\/\/somo-naturwaren.com\/en\/wp-json\/wp\/v2\/types\/product"}],"replies":[{"embeddable":true,"href":"https:\/\/somo-naturwaren.com\/en\/wp-json\/wp\/v2\/comments?post=9077"}],"wp:featuredmedia":[{"embeddable":true,"href":"https:\/\/somo-naturwaren.com\/en\/wp-json\/wp\/v2\/media\/9516"}],"wp:attachment":[{"href":"https:\/\/somo-naturwaren.com\/en\/wp-json\/wp\/v2\/media?parent=9077"}],"wp:term":[{"taxonomy":"product_brand","embeddable":true,"href":"https:\/\/somo-naturwaren.com\/en\/wp-json\/wp\/v2\/product_brand?post=9077"},{"taxonomy":"product_cat","embeddable":true,"href":"https:\/\/somo-naturwaren.com\/en\/wp-json\/wp\/v2\/product_cat?post=9077"},{"taxonomy":"product_tag","embeddable":true,"href":"https:\/\/somo-naturwaren.com\/en\/wp-json\/wp\/v2\/product_tag?post=9077"}],"curies":[{"name":"wp","href":"https:\/\/api.w.org\/{rel}","templated":true}]}}