{"id":9079,"date":"2024-09-02T13:48:06","date_gmt":"2024-09-02T11:48:06","guid":{"rendered":"https:\/\/somo-naturwaren.com\/?post_type=product&#038;p=9079"},"modified":"2025-08-30T08:50:51","modified_gmt":"2025-08-30T06:50:51","slug":"bio-islaendisch-moos-fichtenharz-pflege-oel-extrakt-100ml","status":"publish","type":"product","link":"https:\/\/somo-naturwaren.com\/en\/product\/bio-islaendisch-moos-fichtenharz-pflege-oel-extrakt-100ml\/","title":{"rendered":"Bio Isl\u00e4ndisch Moos Fichtenharz Pflege \u00d6l Extrakt 100ml"},"content":{"rendered":"<p>Harzig-s\u00fc\u00dflich, frisch duftet das intensive Isl\u00e4ndisch Moos Fichtenharz Pflege \u00d6l.\u00a0 In Bio Jojoba\u00f6l extrahiert, n\u00e4hrt es die Feuchtigkeit deiner Haut, kann regenerierend bei Akne, zellsch\u00fctzend und straffend wirken. Sch\u00fctzt vor Umwelteinfl\u00fcssen.<\/p>\n<p>F\u00fcr deine t\u00e4gliche Anwendung, nach dem Duschen oder Baden auf deine noch feuchten K\u00f6rperstellen einmassieren. 250ml Milch mit 10ml Pflege \u00d6l Extrakt dein Badewasser verfeinern, danach mit dem Handtuch abtupfen. Es wird zur Pflege von Gesicht und K\u00f6rper eingesetzt. Besonders wertvoll zur Anwendung als Massage\u00f6l.<\/p>","protected":false},"excerpt":{"rendered":"<p>Harzig-s\u00fc\u00dflich, frisch duftet das intensive Isl\u00e4ndisch Moos Fichtenharz Pflege \u00d6l.\u00a0 In Bio Jojoba\u00f6l extrahiert, n\u00e4hrt es die Feuchtigkeit deiner Haut, kann regenerierend bei Akne, zellsch\u00fctzend und straffend wirken. Sch\u00fctzt vor [&hellip;]<\/p>","protected":false},"featured_media":9540,"comment_status":"open","ping_status":"closed","template":"","meta":{"_et_pb_use_builder":"","_et_pb_old_content":"","_et_gb_content_width":""},"product_brand":[],"product_cat":[21,46,43,45,81,48],"product_tag":[],"class_list":{"0":"post-9079","1":"product","2":"type-product","3":"status-publish","4":"has-post-thumbnail","6":"product_cat-kinder","7":"product_cat-koerperpflege","8":"product_cat-naturwaren","9":"product_cat-oele","10":"product_cat-unkategorisiert","11":"product_cat-vegan","13":"first","14":"instock","15":"taxable","16":"shipping-taxable","17":"purchasable","18":"product-type-simple"},"_links":{"self":[{"href":"https:\/\/somo-naturwaren.com\/en\/wp-json\/wp\/v2\/product\/9079","targetHints":{"allow":["GET"]}}],"collection":[{"href":"https:\/\/somo-naturwaren.com\/en\/wp-json\/wp\/v2\/product"}],"about":[{"href":"https:\/\/somo-naturwaren.com\/en\/wp-json\/wp\/v2\/types\/product"}],"replies":[{"embeddable":true,"href":"https:\/\/somo-naturwaren.com\/en\/wp-json\/wp\/v2\/comments?post=9079"}],"wp:featuredmedia":[{"embeddable":true,"href":"https:\/\/somo-naturwaren.com\/en\/wp-json\/wp\/v2\/media\/9540"}],"wp:attachment":[{"href":"https:\/\/somo-naturwaren.com\/en\/wp-json\/wp\/v2\/media?parent=9079"}],"wp:term":[{"taxonomy":"product_brand","embeddable":true,"href":"https:\/\/somo-naturwaren.com\/en\/wp-json\/wp\/v2\/product_brand?post=9079"},{"taxonomy":"product_cat","embeddable":true,"href":"https:\/\/somo-naturwaren.com\/en\/wp-json\/wp\/v2\/product_cat?post=9079"},{"taxonomy":"product_tag","embeddable":true,"href":"https:\/\/somo-naturwaren.com\/en\/wp-json\/wp\/v2\/product_tag?post=9079"}],"curies":[{"name":"wp","href":"https:\/\/api.w.org\/{rel}","templated":true}]}}