{"id":9081,"date":"2024-09-02T13:51:04","date_gmt":"2024-09-02T11:51:04","guid":{"rendered":"https:\/\/somo-naturwaren.com\/?post_type=product&#038;p=9081"},"modified":"2025-08-30T09:14:36","modified_gmt":"2025-08-30T07:14:36","slug":"bio-hagebutten-islaendischmoos-pflege-oel-extrakt-100ml","status":"publish","type":"product","link":"https:\/\/somo-naturwaren.com\/en\/product\/bio-hagebutten-islaendischmoos-pflege-oel-extrakt-100ml\/","title":{"rendered":"Bio Hagebutten Isl\u00e4ndischmoos Pflege \u00d6l Extrakt 100ml"},"content":{"rendered":"<p>Das n\u00e4hrende, vitaminreiche Hagebutten Isl\u00e4ndisch Moos Pflege \u00d6l Extrakt in Bio Oliven\u00f6l, versorgt deine Haut optimal mit Feuchtigkeit, ist regenerierend \u00a0und unterst\u00fctzt die Haut Elastizit\u00e4t. Kann bei Hautsch\u00e4den (Strahlensch\u00e4den, Altersflecken, zu langes Sonnenbaden) und Narben lindernd wirken. Sch\u00fctzt vor Umwelteinfl\u00fcssen.<\/p>\n<p>F\u00fcr deine t\u00e4gliche Anwendung, nach dem Duschen oder Baden auf deine noch feuchten K\u00f6rperstellen einmassieren. 250ml Milch mit 10ml Pflege \u00d6l Extrakt dein Badewasser verfeinern, danach mit dem Handtuch abtupfen. Es wird zur Pflege von Gesicht und K\u00f6rper eingesetzt. Besonders wertvoll zur Anwendung als Massage\u00f6l.<\/p>","protected":false},"excerpt":{"rendered":"<p>Das n\u00e4hrende, vitaminreiche Hagebutten Isl\u00e4ndisch Moos Pflege \u00d6l Extrakt in Bio Oliven\u00f6l, versorgt deine Haut optimal mit Feuchtigkeit, ist regenerierend \u00a0und unterst\u00fctzt die Haut Elastizit\u00e4t. Kann bei Hautsch\u00e4den (Strahlensch\u00e4den, Altersflecken, [&hellip;]<\/p>","protected":false},"featured_media":9514,"comment_status":"open","ping_status":"closed","template":"","meta":{"_et_pb_use_builder":"","_et_pb_old_content":"","_et_gb_content_width":""},"product_brand":[],"product_cat":[21,46,43,45,81,48],"product_tag":[],"class_list":{"0":"post-9081","1":"product","2":"type-product","3":"status-publish","4":"has-post-thumbnail","6":"product_cat-kinder","7":"product_cat-koerperpflege","8":"product_cat-naturwaren","9":"product_cat-oele","10":"product_cat-unkategorisiert","11":"product_cat-vegan","13":"first","14":"instock","15":"taxable","16":"shipping-taxable","17":"purchasable","18":"product-type-simple"},"_links":{"self":[{"href":"https:\/\/somo-naturwaren.com\/en\/wp-json\/wp\/v2\/product\/9081","targetHints":{"allow":["GET"]}}],"collection":[{"href":"https:\/\/somo-naturwaren.com\/en\/wp-json\/wp\/v2\/product"}],"about":[{"href":"https:\/\/somo-naturwaren.com\/en\/wp-json\/wp\/v2\/types\/product"}],"replies":[{"embeddable":true,"href":"https:\/\/somo-naturwaren.com\/en\/wp-json\/wp\/v2\/comments?post=9081"}],"wp:featuredmedia":[{"embeddable":true,"href":"https:\/\/somo-naturwaren.com\/en\/wp-json\/wp\/v2\/media\/9514"}],"wp:attachment":[{"href":"https:\/\/somo-naturwaren.com\/en\/wp-json\/wp\/v2\/media?parent=9081"}],"wp:term":[{"taxonomy":"product_brand","embeddable":true,"href":"https:\/\/somo-naturwaren.com\/en\/wp-json\/wp\/v2\/product_brand?post=9081"},{"taxonomy":"product_cat","embeddable":true,"href":"https:\/\/somo-naturwaren.com\/en\/wp-json\/wp\/v2\/product_cat?post=9081"},{"taxonomy":"product_tag","embeddable":true,"href":"https:\/\/somo-naturwaren.com\/en\/wp-json\/wp\/v2\/product_tag?post=9081"}],"curies":[{"name":"wp","href":"https:\/\/api.w.org\/{rel}","templated":true}]}}