{"id":9087,"date":"2024-09-02T14:04:50","date_gmt":"2024-09-02T12:04:50","guid":{"rendered":"https:\/\/somo-naturwaren.com\/?post_type=product&#038;p=9087"},"modified":"2025-08-30T09:01:18","modified_gmt":"2025-08-30T07:01:18","slug":"bio-apfel-peflege-oel-extrakt-100ml","status":"publish","type":"product","link":"https:\/\/somo-naturwaren.com\/en\/product\/bio-apfel-peflege-oel-extrakt-100ml\/","title":{"rendered":"Bio Apfel Pflege \u00d6l Extrakt 100ml"},"content":{"rendered":"<p>Apfel Pflege \u00d6l Extrakt duftet s\u00fc\u00dflich-fruchtig. Es ist reich an Mineralsalzen, Aminos\u00e4uren, sowie nat\u00fcrlichen Fruchts\u00e4uren, diese l\u00f6sen abgestorbene Hautzellen sanft, f\u00fcr einen ebenm\u00e4\u00dfigen strahlenden Teint. Bereichere deine Hautpflege durch Apfel Extrakt aus urspr\u00fcnglich alten Sorten.<\/p>\n<p>F\u00fcr deine t\u00e4gliche Anwendung, nach dem Duschen oder Baden auf deine noch feuchten K\u00f6rperstellen und Haarspitzen einmassieren. 250ml Milch mit 10ml Pflege \u00d6l Extrakt dein Badewasser verfeinern, danach mit dem Handtuch abtupfen. Es wird zur Pflege von Haar, Gesicht und K\u00f6rper eingesetzt. Besonders wertvoll zur Anwendung als Massage\u00f6l. So mild, dass es auch f\u00fcr die zarte Baby Haut geeignet ist!<\/p>","protected":false},"excerpt":{"rendered":"<p>Apfel Pflege \u00d6l Extrakt duftet s\u00fc\u00dflich-fruchtig. Es ist reich an Mineralsalzen, Aminos\u00e4uren, sowie nat\u00fcrlichen Fruchts\u00e4uren, diese l\u00f6sen abgestorbene Hautzellen sanft, f\u00fcr einen ebenm\u00e4\u00dfigen strahlenden Teint. Bereichere deine Hautpflege durch Apfel [&hellip;]<\/p>","protected":false},"featured_media":9510,"comment_status":"open","ping_status":"closed","template":"","meta":{"_et_pb_use_builder":"","_et_pb_old_content":"","_et_gb_content_width":""},"product_brand":[],"product_cat":[21,46,43,45,81,48],"product_tag":[],"class_list":{"0":"post-9087","1":"product","2":"type-product","3":"status-publish","4":"has-post-thumbnail","6":"product_cat-kinder","7":"product_cat-koerperpflege","8":"product_cat-naturwaren","9":"product_cat-oele","10":"product_cat-unkategorisiert","11":"product_cat-vegan","13":"first","14":"instock","15":"taxable","16":"shipping-taxable","17":"purchasable","18":"product-type-simple"},"_links":{"self":[{"href":"https:\/\/somo-naturwaren.com\/en\/wp-json\/wp\/v2\/product\/9087","targetHints":{"allow":["GET"]}}],"collection":[{"href":"https:\/\/somo-naturwaren.com\/en\/wp-json\/wp\/v2\/product"}],"about":[{"href":"https:\/\/somo-naturwaren.com\/en\/wp-json\/wp\/v2\/types\/product"}],"replies":[{"embeddable":true,"href":"https:\/\/somo-naturwaren.com\/en\/wp-json\/wp\/v2\/comments?post=9087"}],"wp:featuredmedia":[{"embeddable":true,"href":"https:\/\/somo-naturwaren.com\/en\/wp-json\/wp\/v2\/media\/9510"}],"wp:attachment":[{"href":"https:\/\/somo-naturwaren.com\/en\/wp-json\/wp\/v2\/media?parent=9087"}],"wp:term":[{"taxonomy":"product_brand","embeddable":true,"href":"https:\/\/somo-naturwaren.com\/en\/wp-json\/wp\/v2\/product_brand?post=9087"},{"taxonomy":"product_cat","embeddable":true,"href":"https:\/\/somo-naturwaren.com\/en\/wp-json\/wp\/v2\/product_cat?post=9087"},{"taxonomy":"product_tag","embeddable":true,"href":"https:\/\/somo-naturwaren.com\/en\/wp-json\/wp\/v2\/product_tag?post=9087"}],"curies":[{"name":"wp","href":"https:\/\/api.w.org\/{rel}","templated":true}]}}