{"id":9089,"date":"2024-09-02T14:18:00","date_gmt":"2024-09-02T12:18:00","guid":{"rendered":"https:\/\/somo-naturwaren.com\/?post_type=product&#038;p=9089"},"modified":"2025-08-30T08:28:22","modified_gmt":"2025-08-30T06:28:22","slug":"bio-lavendel-pflege-oel-extrakt-100ml","status":"publish","type":"product","link":"https:\/\/somo-naturwaren.com\/en\/product\/bio-lavendel-pflege-oel-extrakt-100ml\/","title":{"rendered":"Bio Lavendel Pflege \u00d6l Extrakt 100ml"},"content":{"rendered":"<p>Im Lavendel Pflege \u00d6l erh\u00e4ltst du alle wertvollen Inhalte des Lavendel (Lavendula angustifolia) in Bio Oliven\u00f6l extrahiert. Es versorgt deine Haut in Gesicht und K\u00f6rper mit Feuchtigkeit, unterst\u00fctzt sie bei der Hautregeneration, Hautstraffung, Hautberuhigung und bei Lichtsch\u00e4den. Lass dich vom Optimismus anstecken und nimm die beruhigende, harmonisierende Wirkung auf deinen Organismus wahr.<\/p>\n<p>F\u00fcr deine t\u00e4gliche Anwendung, nach dem Duschen oder Baden auf deine noch feuchten K\u00f6rperstellen und Haarspitzen einmassieren. 250ml Milch mit 10ml Ringelblumen Pflege \u00d6l Extrakt dein Badewasser verfeinern, danach mit dem Handtuch abtupfen. Es wird zur Pflege von Haar, Gesicht und K\u00f6rper eingesetzt. Besonders wertvoll zur Anwendung als Massage\u00f6l.\u00a0\u00a0\u00a0\u00a0\u00a0\u00a0\u00a0\u00a0\u00a0\u00a0 So mild, dass es auch f\u00fcr die zarte Baby Haut geeignet ist!<\/p>","protected":false},"excerpt":{"rendered":"<p>Im Lavendel Pflege \u00d6l erh\u00e4ltst du alle wertvollen Inhalte des Lavendel (Lavendula angustifolia) in Bio Oliven\u00f6l extrahiert. Es versorgt deine Haut in Gesicht und K\u00f6rper mit Feuchtigkeit, unterst\u00fctzt sie bei [&hellip;]<\/p>","protected":false},"featured_media":9505,"comment_status":"open","ping_status":"closed","template":"","meta":{"_et_pb_use_builder":"","_et_pb_old_content":"","_et_gb_content_width":""},"product_brand":[],"product_cat":[21,46,43,45,81,48],"product_tag":[],"class_list":{"0":"post-9089","1":"product","2":"type-product","3":"status-publish","4":"has-post-thumbnail","6":"product_cat-kinder","7":"product_cat-koerperpflege","8":"product_cat-naturwaren","9":"product_cat-oele","10":"product_cat-unkategorisiert","11":"product_cat-vegan","13":"first","14":"instock","15":"taxable","16":"shipping-taxable","17":"purchasable","18":"product-type-simple"},"_links":{"self":[{"href":"https:\/\/somo-naturwaren.com\/en\/wp-json\/wp\/v2\/product\/9089","targetHints":{"allow":["GET"]}}],"collection":[{"href":"https:\/\/somo-naturwaren.com\/en\/wp-json\/wp\/v2\/product"}],"about":[{"href":"https:\/\/somo-naturwaren.com\/en\/wp-json\/wp\/v2\/types\/product"}],"replies":[{"embeddable":true,"href":"https:\/\/somo-naturwaren.com\/en\/wp-json\/wp\/v2\/comments?post=9089"}],"wp:featuredmedia":[{"embeddable":true,"href":"https:\/\/somo-naturwaren.com\/en\/wp-json\/wp\/v2\/media\/9505"}],"wp:attachment":[{"href":"https:\/\/somo-naturwaren.com\/en\/wp-json\/wp\/v2\/media?parent=9089"}],"wp:term":[{"taxonomy":"product_brand","embeddable":true,"href":"https:\/\/somo-naturwaren.com\/en\/wp-json\/wp\/v2\/product_brand?post=9089"},{"taxonomy":"product_cat","embeddable":true,"href":"https:\/\/somo-naturwaren.com\/en\/wp-json\/wp\/v2\/product_cat?post=9089"},{"taxonomy":"product_tag","embeddable":true,"href":"https:\/\/somo-naturwaren.com\/en\/wp-json\/wp\/v2\/product_tag?post=9089"}],"curies":[{"name":"wp","href":"https:\/\/api.w.org\/{rel}","templated":true}]}}