{"id":9091,"date":"2024-09-02T14:19:59","date_gmt":"2024-09-02T12:19:59","guid":{"rendered":"https:\/\/somo-naturwaren.com\/?post_type=product&#038;p=9091"},"modified":"2025-08-30T09:07:57","modified_gmt":"2025-08-30T07:07:57","slug":"bio-maedesuess-pflege-oel-extrakt-100ml","status":"publish","type":"product","link":"https:\/\/somo-naturwaren.com\/en\/product\/bio-maedesuess-pflege-oel-extrakt-100ml\/","title":{"rendered":"Bio M\u00e4des\u00fc\u00df Pflege \u00d6l Extrakt 100ml"},"content":{"rendered":"<p>S\u00fc\u00dflich-mandel-vanilleartig und doch erfrischend blumig bet\u00f6rt uns der Duft des M\u00e4des\u00fc\u00df Pflege \u00d6l Extrakt. Wertvolle Inhaltsstoffe des M\u00e4des\u00fc\u00df in Bio nativem Oliven\u00f6l extrahiert,\u00a0 k\u00f6nnen unterst\u00fctzend regenerierend und beruhigend bei Hautirritationen, Feuchtigkeit spendend und vor Umwelteinfl\u00fcssen sch\u00fctzend wirken.<\/p>\n<p>F\u00fcr deine t\u00e4gliche Anwendung, nach dem Duschen oder Baden auf deine noch feuchten K\u00f6rperstellen und Haarspitzen einmassieren. 250ml Milch mit 10ml Pflege \u00d6l Extrakt dein Badewasser verfeinern, danach mit dem Handtuch abtupfen. Es wird zur Pflege von Haar, Gesicht und K\u00f6rper eingesetzt. Besonders wertvoll zur Anwendung als Massage\u00f6l.<\/p>","protected":false},"excerpt":{"rendered":"<p>S\u00fc\u00dflich-mandel-vanilleartig und doch erfrischend blumig bet\u00f6rt uns der Duft des M\u00e4des\u00fc\u00df Pflege \u00d6l Extrakt. Wertvolle Inhaltsstoffe des M\u00e4des\u00fc\u00df in Bio nativem Oliven\u00f6l extrahiert,\u00a0 k\u00f6nnen unterst\u00fctzend regenerierend und beruhigend bei Hautirritationen, [&hellip;]<\/p>","protected":false},"featured_media":9513,"comment_status":"open","ping_status":"closed","template":"","meta":{"_et_pb_use_builder":"","_et_pb_old_content":"","_et_gb_content_width":""},"product_brand":[],"product_cat":[21,46,43,45,81,48],"product_tag":[],"class_list":{"0":"post-9091","1":"product","2":"type-product","3":"status-publish","4":"has-post-thumbnail","6":"product_cat-kinder","7":"product_cat-koerperpflege","8":"product_cat-naturwaren","9":"product_cat-oele","10":"product_cat-unkategorisiert","11":"product_cat-vegan","13":"first","14":"instock","15":"taxable","16":"shipping-taxable","17":"purchasable","18":"product-type-simple"},"_links":{"self":[{"href":"https:\/\/somo-naturwaren.com\/en\/wp-json\/wp\/v2\/product\/9091","targetHints":{"allow":["GET"]}}],"collection":[{"href":"https:\/\/somo-naturwaren.com\/en\/wp-json\/wp\/v2\/product"}],"about":[{"href":"https:\/\/somo-naturwaren.com\/en\/wp-json\/wp\/v2\/types\/product"}],"replies":[{"embeddable":true,"href":"https:\/\/somo-naturwaren.com\/en\/wp-json\/wp\/v2\/comments?post=9091"}],"wp:featuredmedia":[{"embeddable":true,"href":"https:\/\/somo-naturwaren.com\/en\/wp-json\/wp\/v2\/media\/9513"}],"wp:attachment":[{"href":"https:\/\/somo-naturwaren.com\/en\/wp-json\/wp\/v2\/media?parent=9091"}],"wp:term":[{"taxonomy":"product_brand","embeddable":true,"href":"https:\/\/somo-naturwaren.com\/en\/wp-json\/wp\/v2\/product_brand?post=9091"},{"taxonomy":"product_cat","embeddable":true,"href":"https:\/\/somo-naturwaren.com\/en\/wp-json\/wp\/v2\/product_cat?post=9091"},{"taxonomy":"product_tag","embeddable":true,"href":"https:\/\/somo-naturwaren.com\/en\/wp-json\/wp\/v2\/product_tag?post=9091"}],"curies":[{"name":"wp","href":"https:\/\/api.w.org\/{rel}","templated":true}]}}