{"id":9094,"date":"2024-09-02T14:21:51","date_gmt":"2024-09-02T12:21:51","guid":{"rendered":"https:\/\/somo-naturwaren.com\/?post_type=product&#038;p=9094"},"modified":"2025-08-30T09:00:03","modified_gmt":"2025-08-30T07:00:03","slug":"bio-hanf-pflege-oel-extrakt-100ml","status":"publish","type":"product","link":"https:\/\/somo-naturwaren.com\/en\/product\/bio-hanf-pflege-oel-extrakt-100ml\/","title":{"rendered":"Bio Hanf Pflege \u00d6l Extrakt 100ml"},"content":{"rendered":"<p>Hanf Pflege \u00d6l Extrakt versorgt reichhaltig deine Haut in Gesicht und K\u00f6rper mit Feuchtigkeit. Es kann unterst\u00fctzend\u00a0 &#8211; regenerierend, beruhigend, somit Juckreiz lindernd und straffend wirken. Der typisch krautige Duft erinnert an Bodenst\u00e4ndigkeit und Verbundenheit.<\/p>\n<p>F\u00fcr deine t\u00e4gliche Anwendung, nach dem Duschen oder Baden auf deine noch feuchten K\u00f6rperstellen und Haarspitzen einmassieren. 250ml Milch mit 10ml Pflege \u00d6l Extrakt dein Badewasser verfeinern, danach mit dem Handtuch abtupfen. Es wird zur Pflege von Haar, Gesicht und K\u00f6rper eingesetzt. Besonders wertvoll zur Anwendung als Massage\u00f6l. So mild, dass es auch f\u00fcr die zarte Baby Haut geeignet ist!<\/p>","protected":false},"excerpt":{"rendered":"<p>Hanf Pflege \u00d6l Extrakt versorgt reichhaltig deine Haut in Gesicht und K\u00f6rper mit Feuchtigkeit. Es kann unterst\u00fctzend\u00a0 &#8211; regenerierend, beruhigend, somit Juckreiz lindernd und straffend wirken. Der typisch krautige Duft [&hellip;]<\/p>","protected":false},"featured_media":9509,"comment_status":"open","ping_status":"closed","template":"","meta":{"_et_pb_use_builder":"","_et_pb_old_content":"","_et_gb_content_width":""},"product_brand":[],"product_cat":[89,21,46,43,45,81,48],"product_tag":[],"class_list":{"0":"post-9094","1":"product","2":"type-product","3":"status-publish","4":"has-post-thumbnail","6":"product_cat-hanf","7":"product_cat-kinder","8":"product_cat-koerperpflege","9":"product_cat-naturwaren","10":"product_cat-oele","11":"product_cat-unkategorisiert","12":"product_cat-vegan","14":"first","15":"instock","16":"taxable","17":"shipping-taxable","18":"purchasable","19":"product-type-simple"},"_links":{"self":[{"href":"https:\/\/somo-naturwaren.com\/en\/wp-json\/wp\/v2\/product\/9094","targetHints":{"allow":["GET"]}}],"collection":[{"href":"https:\/\/somo-naturwaren.com\/en\/wp-json\/wp\/v2\/product"}],"about":[{"href":"https:\/\/somo-naturwaren.com\/en\/wp-json\/wp\/v2\/types\/product"}],"replies":[{"embeddable":true,"href":"https:\/\/somo-naturwaren.com\/en\/wp-json\/wp\/v2\/comments?post=9094"}],"wp:featuredmedia":[{"embeddable":true,"href":"https:\/\/somo-naturwaren.com\/en\/wp-json\/wp\/v2\/media\/9509"}],"wp:attachment":[{"href":"https:\/\/somo-naturwaren.com\/en\/wp-json\/wp\/v2\/media?parent=9094"}],"wp:term":[{"taxonomy":"product_brand","embeddable":true,"href":"https:\/\/somo-naturwaren.com\/en\/wp-json\/wp\/v2\/product_brand?post=9094"},{"taxonomy":"product_cat","embeddable":true,"href":"https:\/\/somo-naturwaren.com\/en\/wp-json\/wp\/v2\/product_cat?post=9094"},{"taxonomy":"product_tag","embeddable":true,"href":"https:\/\/somo-naturwaren.com\/en\/wp-json\/wp\/v2\/product_tag?post=9094"}],"curies":[{"name":"wp","href":"https:\/\/api.w.org\/{rel}","templated":true}]}}