{"id":9096,"date":"2024-09-02T14:28:59","date_gmt":"2024-09-02T12:28:59","guid":{"rendered":"https:\/\/somo-naturwaren.com\/?post_type=product&#038;p=9096"},"modified":"2025-08-30T08:17:14","modified_gmt":"2025-08-30T06:17:14","slug":"bio-johanniskraut-pflege-oel-extrakt-100ml","status":"publish","type":"product","link":"https:\/\/somo-naturwaren.com\/en\/product\/bio-johanniskraut-pflege-oel-extrakt-100ml\/","title":{"rendered":"Bio Johanniskraut Pflege \u00d6l Extrakt 100ml"},"content":{"rendered":"<p>Die Kraft der Sonne spiegelt sich im Johanniskraut, r\u00f6tlich strahlt das Pflege \u00d6l Extrakt durch den Wirkstoff Hypericin! Es \u00a0kann sich positiv auf dein Wohlbefinden bei Beschwerden des Bewegungsapparates, sowie der Nerven auswirken. Es versorgt deine Haut in Gesicht und K\u00f6rper mit Feuchtigkeit, unterst\u00fctzt sie bei der Kollagenneubildung und kann bei Hautirritationen angewendet werden. Durch die regenerierenden Wirkstoffe ist es auch als Narben \u00d6l und Einreibung bei Nervenleiden seit der Antike bekannt.<\/p>\n<p>F\u00fcr deine t\u00e4gliche Anwendung, nach dem Duschen oder Baden auf deine noch feuchten K\u00f6rperstellen und Haarspitzen einmassieren. 250ml Milch mit 10ml Ringelblumen Pflege \u00d6l Extrakt dein Badewasser verfeinern, danach mit dem Handtuch abtupfen. Es wird zur Pflege von Haar, Gesicht und K\u00f6rper eingesetzt. Besonders wertvoll zur Anwendung als Massage\u00f6l.<\/p>","protected":false},"excerpt":{"rendered":"<p>Kraft der Sonne vielseitig anwendbar!<\/p>","protected":false},"featured_media":9502,"comment_status":"open","ping_status":"closed","template":"","meta":{"_et_pb_use_builder":"","_et_pb_old_content":"","_et_gb_content_width":""},"product_brand":[],"product_cat":[88,21,46,43,45,81,48],"product_tag":[],"class_list":{"0":"post-9096","1":"product","2":"type-product","3":"status-publish","4":"has-post-thumbnail","6":"product_cat-gesicht","7":"product_cat-kinder","8":"product_cat-koerperpflege","9":"product_cat-naturwaren","10":"product_cat-oele","11":"product_cat-unkategorisiert","12":"product_cat-vegan","14":"first","15":"instock","16":"taxable","17":"shipping-taxable","18":"purchasable","19":"product-type-simple"},"_links":{"self":[{"href":"https:\/\/somo-naturwaren.com\/en\/wp-json\/wp\/v2\/product\/9096","targetHints":{"allow":["GET"]}}],"collection":[{"href":"https:\/\/somo-naturwaren.com\/en\/wp-json\/wp\/v2\/product"}],"about":[{"href":"https:\/\/somo-naturwaren.com\/en\/wp-json\/wp\/v2\/types\/product"}],"replies":[{"embeddable":true,"href":"https:\/\/somo-naturwaren.com\/en\/wp-json\/wp\/v2\/comments?post=9096"}],"wp:featuredmedia":[{"embeddable":true,"href":"https:\/\/somo-naturwaren.com\/en\/wp-json\/wp\/v2\/media\/9502"}],"wp:attachment":[{"href":"https:\/\/somo-naturwaren.com\/en\/wp-json\/wp\/v2\/media?parent=9096"}],"wp:term":[{"taxonomy":"product_brand","embeddable":true,"href":"https:\/\/somo-naturwaren.com\/en\/wp-json\/wp\/v2\/product_brand?post=9096"},{"taxonomy":"product_cat","embeddable":true,"href":"https:\/\/somo-naturwaren.com\/en\/wp-json\/wp\/v2\/product_cat?post=9096"},{"taxonomy":"product_tag","embeddable":true,"href":"https:\/\/somo-naturwaren.com\/en\/wp-json\/wp\/v2\/product_tag?post=9096"}],"curies":[{"name":"wp","href":"https:\/\/api.w.org\/{rel}","templated":true}]}}