{"id":9101,"date":"2024-09-02T14:46:20","date_gmt":"2024-09-02T12:46:20","guid":{"rendered":"https:\/\/somo-naturwaren.com\/?post_type=product&#038;p=9101"},"modified":"2025-08-09T08:32:35","modified_gmt":"2025-08-09T06:32:35","slug":"bio-ringelblumen-orange-koerper-und-haar-pflege-seife-95g","status":"publish","type":"product","link":"https:\/\/somo-naturwaren.com\/en\/product\/bio-ringelblumen-orange-koerper-und-haar-pflege-seife-95g\/","title":{"rendered":"Bio Ringelblumen Orange K\u00f6rper und Haar Pflege Seife 95g"},"content":{"rendered":"<p>Ringelblumen Orange K\u00f6rper und Haar Pflege Seife ist mild reinigend dank der Rosskastanie und pflegend durch das Ringelblumen Pflege \u00d6l Extrakt. \u00a0Erlebe den s\u00fc\u00dflich frischen Duft nach Orange.<\/p>\n<p>F\u00fcr deine t\u00e4gliche Reinigung von Haaren, Gesicht und K\u00f6rper.<\/p>","protected":false},"excerpt":{"rendered":"<p>Ringelblumen Orange K\u00f6rper und Haar Pflege Seife ist mild reinigend dank der Rosskastanie und pflegend durch das Ringelblumen Pflege \u00d6l Extrakt. \u00a0Erlebe den s\u00fc\u00dflich frischen Duft nach Orange. F\u00fcr deine [&hellip;]<\/p>","protected":false},"featured_media":9500,"comment_status":"open","ping_status":"closed","template":"","meta":{"_et_pb_use_builder":"","_et_pb_old_content":"","_et_gb_content_width":""},"product_brand":[],"product_cat":[21,46,43,90,81,48],"product_tag":[],"class_list":{"0":"post-9101","1":"product","2":"type-product","3":"status-publish","4":"has-post-thumbnail","6":"product_cat-kinder","7":"product_cat-koerperpflege","8":"product_cat-naturwaren","9":"product_cat-ringelblume","10":"product_cat-unkategorisiert","11":"product_cat-vegan","13":"first","14":"instock","15":"taxable","16":"shipping-taxable","17":"purchasable","18":"product-type-simple"},"_links":{"self":[{"href":"https:\/\/somo-naturwaren.com\/en\/wp-json\/wp\/v2\/product\/9101","targetHints":{"allow":["GET"]}}],"collection":[{"href":"https:\/\/somo-naturwaren.com\/en\/wp-json\/wp\/v2\/product"}],"about":[{"href":"https:\/\/somo-naturwaren.com\/en\/wp-json\/wp\/v2\/types\/product"}],"replies":[{"embeddable":true,"href":"https:\/\/somo-naturwaren.com\/en\/wp-json\/wp\/v2\/comments?post=9101"}],"wp:featuredmedia":[{"embeddable":true,"href":"https:\/\/somo-naturwaren.com\/en\/wp-json\/wp\/v2\/media\/9500"}],"wp:attachment":[{"href":"https:\/\/somo-naturwaren.com\/en\/wp-json\/wp\/v2\/media?parent=9101"}],"wp:term":[{"taxonomy":"product_brand","embeddable":true,"href":"https:\/\/somo-naturwaren.com\/en\/wp-json\/wp\/v2\/product_brand?post=9101"},{"taxonomy":"product_cat","embeddable":true,"href":"https:\/\/somo-naturwaren.com\/en\/wp-json\/wp\/v2\/product_cat?post=9101"},{"taxonomy":"product_tag","embeddable":true,"href":"https:\/\/somo-naturwaren.com\/en\/wp-json\/wp\/v2\/product_tag?post=9101"}],"curies":[{"name":"wp","href":"https:\/\/api.w.org\/{rel}","templated":true}]}}