{"id":9103,"date":"2024-09-02T14:50:27","date_gmt":"2024-09-02T12:50:27","guid":{"rendered":"https:\/\/somo-naturwaren.com\/?post_type=product&#038;p=9103"},"modified":"2025-08-30T08:13:25","modified_gmt":"2025-08-30T06:13:25","slug":"bio-ringelblumen-gesichtspflege-serum-50ml","status":"publish","type":"product","link":"https:\/\/somo-naturwaren.com\/en\/product\/bio-ringelblumen-gesichtspflege-serum-50ml\/","title":{"rendered":"Bio Ringelblumen Gesichtspflege Serum 50ml"},"content":{"rendered":"<p>Ringelblumen Gesichtsplege Serum spendet Feuchtigkeit, pflegt sanft deine Haut und wirkt reichhaltig mit Kakao Butter und Jasminwachs. Wertvolle Extrakte aus der Ringelblume, Lavendel und Isl\u00e4ndisch Moos k\u00f6nnen die Elastizit\u00e4t und Regeneration deiner Haut unterst\u00fctzen. Verw\u00f6hne dich mit blumigem Duft aus den \u00e4therischen \u00d6len von Geranium und Lavendel.<\/p>\n<p>F\u00fcr deine t\u00e4gliche Anwendung morgens und abends nach der Reinigungsseife und dem Hydrolat auf Gesicht, Hals und Dekollete auftragen.<\/p>","protected":false},"excerpt":{"rendered":"<p>Ringelblumen Gesichtsplege Serum spendet Feuchtigkeit, pflegt sanft deine Haut und wirkt reichhaltig mit Kakao Butter und Jasminwachs. Wertvolle Extrakte aus der Ringelblume, Lavendel und Isl\u00e4ndisch Moos k\u00f6nnen die Elastizit\u00e4t und [&hellip;]<\/p>","protected":false},"featured_media":9491,"comment_status":"open","ping_status":"closed","template":"","meta":{"_et_pb_use_builder":"","_et_pb_old_content":"","_et_gb_content_width":""},"product_brand":[],"product_cat":[88,46,43,90,81,48],"product_tag":[],"class_list":{"0":"post-9103","1":"product","2":"type-product","3":"status-publish","4":"has-post-thumbnail","6":"product_cat-gesicht","7":"product_cat-koerperpflege","8":"product_cat-naturwaren","9":"product_cat-ringelblume","10":"product_cat-unkategorisiert","11":"product_cat-vegan","13":"first","14":"instock","15":"taxable","16":"shipping-taxable","17":"purchasable","18":"product-type-simple"},"_links":{"self":[{"href":"https:\/\/somo-naturwaren.com\/en\/wp-json\/wp\/v2\/product\/9103","targetHints":{"allow":["GET"]}}],"collection":[{"href":"https:\/\/somo-naturwaren.com\/en\/wp-json\/wp\/v2\/product"}],"about":[{"href":"https:\/\/somo-naturwaren.com\/en\/wp-json\/wp\/v2\/types\/product"}],"replies":[{"embeddable":true,"href":"https:\/\/somo-naturwaren.com\/en\/wp-json\/wp\/v2\/comments?post=9103"}],"wp:featuredmedia":[{"embeddable":true,"href":"https:\/\/somo-naturwaren.com\/en\/wp-json\/wp\/v2\/media\/9491"}],"wp:attachment":[{"href":"https:\/\/somo-naturwaren.com\/en\/wp-json\/wp\/v2\/media?parent=9103"}],"wp:term":[{"taxonomy":"product_brand","embeddable":true,"href":"https:\/\/somo-naturwaren.com\/en\/wp-json\/wp\/v2\/product_brand?post=9103"},{"taxonomy":"product_cat","embeddable":true,"href":"https:\/\/somo-naturwaren.com\/en\/wp-json\/wp\/v2\/product_cat?post=9103"},{"taxonomy":"product_tag","embeddable":true,"href":"https:\/\/somo-naturwaren.com\/en\/wp-json\/wp\/v2\/product_tag?post=9103"}],"curies":[{"name":"wp","href":"https:\/\/api.w.org\/{rel}","templated":true}]}}