{"id":9105,"date":"2024-09-02T14:53:01","date_gmt":"2024-09-02T12:53:01","guid":{"rendered":"https:\/\/somo-naturwaren.com\/?post_type=product&#038;p=9105"},"modified":"2025-08-30T08:14:36","modified_gmt":"2025-08-30T06:14:36","slug":"bio-hanf-gesichtspflege-creme-50ml","status":"publish","type":"product","link":"https:\/\/somo-naturwaren.com\/en\/product\/bio-hanf-gesichtspflege-creme-50ml\/","title":{"rendered":"Bio Hanf Gesichtspflege Creme 50ml"},"content":{"rendered":"<p>Die intensive Hanf Gesichtspflege Creme zieht schnell ein. Gehaltvoll versorgt sie deine Haut optimal mit Hanf\u00f6l Extrakt in Bio Oliven\u00f6l, Myhrre, Weihrauch, MSM organischem Schwefel, Rosenhydrolat, Rosmarin und Bergamotte.<\/p>\n<p>Duftet nach Kr\u00e4utern, kann st\u00e4rkend und sch\u00fctzend f\u00fcr die Zellen deiner Haut wirken, auch bei Unreinheiten und Irritationen, f\u00fcr ein samtig weiches Gef\u00fchl!<\/p>\n<p>F\u00fcr deine t\u00e4gliche Anwendung morgens und abends, nach der Reinigungsseife und dem Hydrolat auf Gesicht, Hals und Dekollete auftragen.<\/p>","protected":false},"excerpt":{"rendered":"<p>Die intensive Hanf Gesichtspflege Creme zieht schnell ein. Gehaltvoll versorgt sie deine Haut optimal mit Hanf\u00f6l Extrakt in Bio Oliven\u00f6l, Myhrre, Weihrauch, MSM organischem Schwefel, Rosenhydrolat, Rosmarin und Bergamotte. Duftet [&hellip;]<\/p>","protected":false},"featured_media":9493,"comment_status":"open","ping_status":"closed","template":"","meta":{"_et_pb_use_builder":"","_et_pb_old_content":"","_et_gb_content_width":""},"product_brand":[],"product_cat":[88,89,46,43,81,48],"product_tag":[],"class_list":{"0":"post-9105","1":"product","2":"type-product","3":"status-publish","4":"has-post-thumbnail","6":"product_cat-gesicht","7":"product_cat-hanf","8":"product_cat-koerperpflege","9":"product_cat-naturwaren","10":"product_cat-unkategorisiert","11":"product_cat-vegan","13":"first","14":"instock","15":"taxable","16":"shipping-taxable","17":"purchasable","18":"product-type-simple"},"_links":{"self":[{"href":"https:\/\/somo-naturwaren.com\/en\/wp-json\/wp\/v2\/product\/9105","targetHints":{"allow":["GET"]}}],"collection":[{"href":"https:\/\/somo-naturwaren.com\/en\/wp-json\/wp\/v2\/product"}],"about":[{"href":"https:\/\/somo-naturwaren.com\/en\/wp-json\/wp\/v2\/types\/product"}],"replies":[{"embeddable":true,"href":"https:\/\/somo-naturwaren.com\/en\/wp-json\/wp\/v2\/comments?post=9105"}],"wp:featuredmedia":[{"embeddable":true,"href":"https:\/\/somo-naturwaren.com\/en\/wp-json\/wp\/v2\/media\/9493"}],"wp:attachment":[{"href":"https:\/\/somo-naturwaren.com\/en\/wp-json\/wp\/v2\/media?parent=9105"}],"wp:term":[{"taxonomy":"product_brand","embeddable":true,"href":"https:\/\/somo-naturwaren.com\/en\/wp-json\/wp\/v2\/product_brand?post=9105"},{"taxonomy":"product_cat","embeddable":true,"href":"https:\/\/somo-naturwaren.com\/en\/wp-json\/wp\/v2\/product_cat?post=9105"},{"taxonomy":"product_tag","embeddable":true,"href":"https:\/\/somo-naturwaren.com\/en\/wp-json\/wp\/v2\/product_tag?post=9105"}],"curies":[{"name":"wp","href":"https:\/\/api.w.org\/{rel}","templated":true}]}}