{"id":9107,"date":"2024-09-02T14:55:56","date_gmt":"2024-09-02T12:55:56","guid":{"rendered":"https:\/\/somo-naturwaren.com\/?post_type=product&#038;p=9107"},"modified":"2025-08-30T08:23:00","modified_gmt":"2025-08-30T06:23:00","slug":"bio-gesichtspflege-creme-50ml","status":"publish","type":"product","link":"https:\/\/somo-naturwaren.com\/en\/product\/bio-gesichtspflege-creme-50ml\/","title":{"rendered":"Bio Ringelblumen Gesichtspflege Creme 50ml"},"content":{"rendered":"<p>Die reichhaltige und feuchtigkeitsspendende Ringelblumen Gesichtspflege Creme zieht schnell ein, versorgt deine Haut mit wertvollen nat\u00fcrlichen Fruchts\u00e4uren, Vitaminen und Aminsos\u00e4uren aus dem Apfel Pflege \u00d6l Extrakt und Isl\u00e4ndisch Moos Gel, das Ringelblumen Pflege \u00d6l Extrakt und Rosenhydrolat schmeicheln sanft und pflegen deine Haut. Wirkt unterst\u00fctzend zur Zellneubildung, f\u00fcr deinen ebenm\u00e4\u00dfig strahlenden Teint! Duftet erfrischend nach Rosmarin.<\/p>\n<p>F\u00fcr deine t\u00e4gliche Anwendung morgens und abends nach der Reinigungsseife und dem Hydrolat auf Gesicht, Hals und Dekollete auftragen.<\/p>","protected":false},"excerpt":{"rendered":"<p>Die reichhaltige und feuchtigkeitsspendende Ringelblumen Gesichtspflege Creme zieht schnell ein, versorgt deine Haut mit wertvollen nat\u00fcrlichen Fruchts\u00e4uren, Vitaminen und Aminsos\u00e4uren aus dem Apfel Pflege \u00d6l Extrakt und Isl\u00e4ndisch Moos Gel, [&hellip;]<\/p>","protected":false},"featured_media":9504,"comment_status":"open","ping_status":"closed","template":"","meta":{"_et_pb_use_builder":"","_et_pb_old_content":"","_et_gb_content_width":""},"product_brand":[],"product_cat":[88,46,43,90,81,48],"product_tag":[],"class_list":{"0":"post-9107","1":"product","2":"type-product","3":"status-publish","4":"has-post-thumbnail","6":"product_cat-gesicht","7":"product_cat-koerperpflege","8":"product_cat-naturwaren","9":"product_cat-ringelblume","10":"product_cat-unkategorisiert","11":"product_cat-vegan","13":"first","14":"instock","15":"taxable","16":"shipping-taxable","17":"purchasable","18":"product-type-simple"},"_links":{"self":[{"href":"https:\/\/somo-naturwaren.com\/en\/wp-json\/wp\/v2\/product\/9107","targetHints":{"allow":["GET"]}}],"collection":[{"href":"https:\/\/somo-naturwaren.com\/en\/wp-json\/wp\/v2\/product"}],"about":[{"href":"https:\/\/somo-naturwaren.com\/en\/wp-json\/wp\/v2\/types\/product"}],"replies":[{"embeddable":true,"href":"https:\/\/somo-naturwaren.com\/en\/wp-json\/wp\/v2\/comments?post=9107"}],"wp:featuredmedia":[{"embeddable":true,"href":"https:\/\/somo-naturwaren.com\/en\/wp-json\/wp\/v2\/media\/9504"}],"wp:attachment":[{"href":"https:\/\/somo-naturwaren.com\/en\/wp-json\/wp\/v2\/media?parent=9107"}],"wp:term":[{"taxonomy":"product_brand","embeddable":true,"href":"https:\/\/somo-naturwaren.com\/en\/wp-json\/wp\/v2\/product_brand?post=9107"},{"taxonomy":"product_cat","embeddable":true,"href":"https:\/\/somo-naturwaren.com\/en\/wp-json\/wp\/v2\/product_cat?post=9107"},{"taxonomy":"product_tag","embeddable":true,"href":"https:\/\/somo-naturwaren.com\/en\/wp-json\/wp\/v2\/product_tag?post=9107"}],"curies":[{"name":"wp","href":"https:\/\/api.w.org\/{rel}","templated":true}]}}