{"id":9108,"date":"2024-09-02T14:58:33","date_gmt":"2024-09-02T12:58:33","guid":{"rendered":"https:\/\/somo-naturwaren.com\/?post_type=product&#038;p=9108"},"modified":"2025-12-09T07:33:35","modified_gmt":"2025-12-09T06:33:35","slug":"bio-handpflege-butter-50ml","status":"publish","type":"product","link":"https:\/\/somo-naturwaren.com\/en\/product\/bio-handpflege-butter-50ml\/","title":{"rendered":"Bio Ringelblumen Handpflege Butter 50ml"},"content":{"rendered":"<p>Ringelblumen Handpflege Butter versorgt deine beanspruchte Haut optimal mit wertvollen Ringelblumen Pflege \u00d6l Extrakt, Sheabutter, Kakaobutter und Jasminwachs, zur Unterst\u00fctzung der Feuchtigkeit und Regeneration. Sorgt f\u00fcr ein samtig weiches Hautgef\u00fchl. Duftet blumig-erfrischend. F\u00fcr deine t\u00e4gliche Anwendung je nach Bedarf, nach der Reinigung auf die H\u00e4nde und F\u00fc\u00dfe auftragen.<\/p>","protected":false},"excerpt":{"rendered":"<p>Ringelblumen Handpflege Butter versorgt deine beanspruchte Haut optimal mit wertvollen Ringelblumen Pflege \u00d6l Extrakt, Sheabutter, Kakaobutter und Jasminwachs, zur Unterst\u00fctzung der Feuchtigkeit und Regeneration. Sorgt f\u00fcr ein samtig weiches Hautgef\u00fchl. [&hellip;]<\/p>","protected":false},"featured_media":9541,"comment_status":"open","ping_status":"closed","template":"","meta":{"_et_pb_use_builder":"","_et_pb_old_content":"","_et_gb_content_width":""},"product_brand":[],"product_cat":[46,43,90,81,48],"product_tag":[],"class_list":{"0":"post-9108","1":"product","2":"type-product","3":"status-publish","4":"has-post-thumbnail","6":"product_cat-koerperpflege","7":"product_cat-naturwaren","8":"product_cat-ringelblume","9":"product_cat-unkategorisiert","10":"product_cat-vegan","12":"first","13":"instock","14":"taxable","15":"shipping-taxable","16":"purchasable","17":"product-type-simple"},"_links":{"self":[{"href":"https:\/\/somo-naturwaren.com\/en\/wp-json\/wp\/v2\/product\/9108","targetHints":{"allow":["GET"]}}],"collection":[{"href":"https:\/\/somo-naturwaren.com\/en\/wp-json\/wp\/v2\/product"}],"about":[{"href":"https:\/\/somo-naturwaren.com\/en\/wp-json\/wp\/v2\/types\/product"}],"replies":[{"embeddable":true,"href":"https:\/\/somo-naturwaren.com\/en\/wp-json\/wp\/v2\/comments?post=9108"}],"wp:featuredmedia":[{"embeddable":true,"href":"https:\/\/somo-naturwaren.com\/en\/wp-json\/wp\/v2\/media\/9541"}],"wp:attachment":[{"href":"https:\/\/somo-naturwaren.com\/en\/wp-json\/wp\/v2\/media?parent=9108"}],"wp:term":[{"taxonomy":"product_brand","embeddable":true,"href":"https:\/\/somo-naturwaren.com\/en\/wp-json\/wp\/v2\/product_brand?post=9108"},{"taxonomy":"product_cat","embeddable":true,"href":"https:\/\/somo-naturwaren.com\/en\/wp-json\/wp\/v2\/product_cat?post=9108"},{"taxonomy":"product_tag","embeddable":true,"href":"https:\/\/somo-naturwaren.com\/en\/wp-json\/wp\/v2\/product_tag?post=9108"}],"curies":[{"name":"wp","href":"https:\/\/api.w.org\/{rel}","templated":true}]}}