{"id":9109,"date":"2024-09-02T15:04:28","date_gmt":"2024-09-02T13:04:28","guid":{"rendered":"https:\/\/somo-naturwaren.com\/?post_type=product&#038;p=9109"},"modified":"2025-08-30T08:16:01","modified_gmt":"2025-08-30T06:16:01","slug":"bio-ringelblumen-fichtenharz-pechsalbe-50ml","status":"publish","type":"product","link":"https:\/\/somo-naturwaren.com\/en\/product\/bio-ringelblumen-fichtenharz-pechsalbe-50ml\/","title":{"rendered":"Bio Ringelblumen Fichtenharz Pechsalbe 50ml"},"content":{"rendered":"<p>G\u00f6nn deiner Haut das Wunderwerk aus Wald und Wiese. Du kannst es unterst\u00fctzend zur Regeneration bei Wunden, eingewachsenen Haaren und eingezogenen Splittern, als Einreibung bei Erk\u00e4ltung, zur Muskelentspannung und bei Sportverletzungen anwenden und einreiben.<\/p>","protected":false},"excerpt":{"rendered":"<p>G\u00f6nn deiner Haut das Wunderwerk aus Wald und Wiese. Du kannst es unterst\u00fctzend zur Regeneration bei Wunden, eingewachsenen Haaren und eingezogenen Splittern, als Einreibung bei Erk\u00e4ltung, zur Muskelentspannung und bei [&hellip;]<\/p>","protected":false},"featured_media":9499,"comment_status":"open","ping_status":"closed","template":"","meta":{"_et_pb_use_builder":"","_et_pb_old_content":"","_et_gb_content_width":""},"product_brand":[],"product_cat":[46,43,90,81,48],"product_tag":[],"class_list":{"0":"post-9109","1":"product","2":"type-product","3":"status-publish","4":"has-post-thumbnail","6":"product_cat-koerperpflege","7":"product_cat-naturwaren","8":"product_cat-ringelblume","9":"product_cat-unkategorisiert","10":"product_cat-vegan","12":"first","13":"instock","14":"taxable","15":"shipping-taxable","16":"purchasable","17":"product-type-simple"},"_links":{"self":[{"href":"https:\/\/somo-naturwaren.com\/en\/wp-json\/wp\/v2\/product\/9109","targetHints":{"allow":["GET"]}}],"collection":[{"href":"https:\/\/somo-naturwaren.com\/en\/wp-json\/wp\/v2\/product"}],"about":[{"href":"https:\/\/somo-naturwaren.com\/en\/wp-json\/wp\/v2\/types\/product"}],"replies":[{"embeddable":true,"href":"https:\/\/somo-naturwaren.com\/en\/wp-json\/wp\/v2\/comments?post=9109"}],"wp:featuredmedia":[{"embeddable":true,"href":"https:\/\/somo-naturwaren.com\/en\/wp-json\/wp\/v2\/media\/9499"}],"wp:attachment":[{"href":"https:\/\/somo-naturwaren.com\/en\/wp-json\/wp\/v2\/media?parent=9109"}],"wp:term":[{"taxonomy":"product_brand","embeddable":true,"href":"https:\/\/somo-naturwaren.com\/en\/wp-json\/wp\/v2\/product_brand?post=9109"},{"taxonomy":"product_cat","embeddable":true,"href":"https:\/\/somo-naturwaren.com\/en\/wp-json\/wp\/v2\/product_cat?post=9109"},{"taxonomy":"product_tag","embeddable":true,"href":"https:\/\/somo-naturwaren.com\/en\/wp-json\/wp\/v2\/product_tag?post=9109"}],"curies":[{"name":"wp","href":"https:\/\/api.w.org\/{rel}","templated":true}]}}