{"id":9110,"date":"2024-09-02T15:14:22","date_gmt":"2024-09-02T13:14:22","guid":{"rendered":"https:\/\/somo-naturwaren.com\/?post_type=product&#038;p=9110"},"modified":"2025-08-09T11:20:08","modified_gmt":"2025-08-09T09:20:08","slug":"bio-ringelblumen-zahnpflege-paste-50ml","status":"publish","type":"product","link":"https:\/\/somo-naturwaren.com\/en\/product\/bio-ringelblumen-zahnpflege-paste-50ml\/","title":{"rendered":"Bio Ringelblumen Zahnpflege Paste 50ml"},"content":{"rendered":"<p>Ringelblumen Zahnpflege Paste duftet s\u00fc\u00dflich-krautig-frisch, ist reich an Ringelblumen, Salbeihydrolat, Kokos\u00f6l, Kurkuma, Nelkenpulver und \u00e4therischen \u00d6len wie Lavendel, Minze und Zitrone. Es belebt, erfrischt und pflegt deine Z\u00e4hne und dein Zahnfleisch.\u00a0F\u00fcr deine t\u00e4gliche Anwendung morgens, mittags, abends auf die Zahnb\u00fcrste auftragen.<\/p>","protected":false},"excerpt":{"rendered":"<p>Ringelblumen Zahnpflege Paste duftet s\u00fc\u00dflich-krautig-frisch, ist reich an Ringelblumen, Salbeihydrolat, Kokos\u00f6l, Kurkuma, Nelkenpulver und \u00e4therischen \u00d6len wie Lavendel, Minze und Zitrone. Es belebt, erfrischt und pflegt deine Z\u00e4hne und dein [&hellip;]<\/p>","protected":false},"featured_media":9498,"comment_status":"open","ping_status":"closed","template":"","meta":{"_et_pb_use_builder":"","_et_pb_old_content":"","_et_gb_content_width":""},"product_brand":[],"product_cat":[46,43,32,90,81,48],"product_tag":[],"class_list":{"0":"post-9110","1":"product","2":"type-product","3":"status-publish","4":"has-post-thumbnail","6":"product_cat-koerperpflege","7":"product_cat-naturwaren","8":"product_cat-neuheiten","9":"product_cat-ringelblume","10":"product_cat-unkategorisiert","11":"product_cat-vegan","13":"first","14":"instock","15":"taxable","16":"shipping-taxable","17":"purchasable","18":"product-type-simple"},"_links":{"self":[{"href":"https:\/\/somo-naturwaren.com\/en\/wp-json\/wp\/v2\/product\/9110","targetHints":{"allow":["GET"]}}],"collection":[{"href":"https:\/\/somo-naturwaren.com\/en\/wp-json\/wp\/v2\/product"}],"about":[{"href":"https:\/\/somo-naturwaren.com\/en\/wp-json\/wp\/v2\/types\/product"}],"replies":[{"embeddable":true,"href":"https:\/\/somo-naturwaren.com\/en\/wp-json\/wp\/v2\/comments?post=9110"}],"wp:featuredmedia":[{"embeddable":true,"href":"https:\/\/somo-naturwaren.com\/en\/wp-json\/wp\/v2\/media\/9498"}],"wp:attachment":[{"href":"https:\/\/somo-naturwaren.com\/en\/wp-json\/wp\/v2\/media?parent=9110"}],"wp:term":[{"taxonomy":"product_brand","embeddable":true,"href":"https:\/\/somo-naturwaren.com\/en\/wp-json\/wp\/v2\/product_brand?post=9110"},{"taxonomy":"product_cat","embeddable":true,"href":"https:\/\/somo-naturwaren.com\/en\/wp-json\/wp\/v2\/product_cat?post=9110"},{"taxonomy":"product_tag","embeddable":true,"href":"https:\/\/somo-naturwaren.com\/en\/wp-json\/wp\/v2\/product_tag?post=9110"}],"curies":[{"name":"wp","href":"https:\/\/api.w.org\/{rel}","templated":true}]}}